{"id":2754,"date":"2019-05-02T17:43:38","date_gmt":"2019-05-02T17:43:38","guid":{"rendered":"https:\/\/conimbrigahoteldopaco.pt\/coimbra\/"},"modified":"2019-09-09T08:50:20","modified_gmt":"2019-09-09T08:50:20","slug":"coimbra","status":"publish","type":"page","link":"https:\/\/conimbrigahoteldopaco.pt\/en\/experiences\/coimbra\/","title":{"rendered":"Coimbra"},"content":{"rendered":"\t\t<div data-elementor-type=\"wp-page\" data-elementor-id=\"2754\" class=\"elementor elementor-2754 elementor-2015\">\n\t\t\t\t\t\t<section class=\"elementor-section elementor-top-section elementor-element elementor-element-c230fd3 elementor-section-boxed elementor-section-height-default elementor-section-height-default\" data-id=\"c230fd3\" data-element_type=\"section\" data-settings=\"{&quot;hoteller_ext_is_background_parallax&quot;:&quot;false&quot;,&quot;hoteller_ext_is_background_on_scroll&quot;:&quot;false&quot;}\">\n\t\t\t\t\t\t<div class=\"elementor-container elementor-column-gap-default\">\n\t\t\t\t\t<div class=\"elementor-column elementor-col-100 elementor-top-column elementor-element elementor-element-1aad598\" data-id=\"1aad598\" data-element_type=\"column\" data-settings=\"{&quot;hoteller_ext_link_sidemenu&quot;:&quot;false&quot;,&quot;hoteller_ext_link_fullmenu&quot;:&quot;false&quot;,&quot;hoteller_ext_link_closed_fullmenu&quot;:&quot;false&quot;,&quot;hoteller_ext_is_scrollme&quot;:&quot;false&quot;,&quot;hoteller_ext_is_smoove&quot;:&quot;false&quot;,&quot;hoteller_ext_is_parallax_mouse&quot;:&quot;false&quot;,&quot;hoteller_ext_is_infinite&quot;:&quot;false&quot;,&quot;hoteller_ext_is_fadeout_animation&quot;:&quot;false&quot;,&quot;hoteller_ext_mobile_static&quot;:&quot;false&quot;}\">\n\t\t\t<div class=\"elementor-widget-wrap elementor-element-populated\">\n\t\t\t\t\t\t<div class=\"elementor-element elementor-element-8e1d38a elementor-invisible elementor-widget elementor-widget-heading\" data-id=\"8e1d38a\" data-element_type=\"widget\" data-settings=\"{&quot;_animation&quot;:&quot;fadeInUp&quot;,&quot;hoteller_ext_link_sidemenu&quot;:&quot;false&quot;,&quot;hoteller_ext_link_fullmenu&quot;:&quot;false&quot;,&quot;hoteller_ext_link_closed_fullmenu&quot;:&quot;false&quot;,&quot;hoteller_ext_is_scrollme&quot;:&quot;false&quot;,&quot;hoteller_ext_is_smoove&quot;:&quot;false&quot;,&quot;hoteller_ext_is_parallax_mouse&quot;:&quot;false&quot;,&quot;hoteller_ext_is_infinite&quot;:&quot;false&quot;,&quot;hoteller_ext_is_fadeout_animation&quot;:&quot;false&quot;,&quot;hoteller_ext_mobile_static&quot;:&quot;false&quot;}\" data-widget_type=\"heading.default\">\n\t\t\t\t<div class=\"elementor-widget-container\">\n\t\t\t<h1 class=\"elementor-heading-title elementor-size-default\">Coimbra<\/h1>\t\t<\/div>\n\t\t\t\t<\/div>\n\t\t\t\t<div class=\"elementor-element elementor-element-4c7cfbb elementor-invisible elementor-widget elementor-widget-text-editor\" data-id=\"4c7cfbb\" data-element_type=\"widget\" data-settings=\"{&quot;_animation&quot;:&quot;fadeInUp&quot;,&quot;_animation_delay&quot;:400,&quot;hoteller_ext_link_sidemenu&quot;:&quot;false&quot;,&quot;hoteller_ext_link_fullmenu&quot;:&quot;false&quot;,&quot;hoteller_ext_link_closed_fullmenu&quot;:&quot;false&quot;,&quot;hoteller_ext_is_scrollme&quot;:&quot;false&quot;,&quot;hoteller_ext_is_smoove&quot;:&quot;false&quot;,&quot;hoteller_ext_is_parallax_mouse&quot;:&quot;false&quot;,&quot;hoteller_ext_is_infinite&quot;:&quot;false&quot;,&quot;hoteller_ext_is_fadeout_animation&quot;:&quot;false&quot;,&quot;hoteller_ext_mobile_static&quot;:&quot;false&quot;}\" data-widget_type=\"text-editor.default\">\n\t\t\t\t<div class=\"elementor-widget-container\">\n\t\t\t\t\t\t\t<p class=\"p1\"><span class=\"s1\">Experience<\/span><\/p>\n\t\t\t\t\t\t<\/div>\n\t\t\t\t<\/div>\n\t\t\t\t\t<\/div>\n\t\t<\/div>\n\t\t\t\t\t<\/div>\n\t\t<\/section>\n\t\t\t\t<section class=\"elementor-section elementor-top-section elementor-element elementor-element-af73848 elementor-section-boxed elementor-section-height-default elementor-section-height-default\" data-id=\"af73848\" data-element_type=\"section\" data-settings=\"{&quot;hoteller_ext_is_background_parallax&quot;:&quot;false&quot;,&quot;hoteller_ext_is_background_on_scroll&quot;:&quot;false&quot;}\">\n\t\t\t\t\t\t<div class=\"elementor-container elementor-column-gap-default\">\n\t\t\t\t\t<div class=\"elementor-column elementor-col-100 elementor-top-column elementor-element elementor-element-d27ca97\" data-id=\"d27ca97\" data-element_type=\"column\" data-settings=\"{&quot;hoteller_ext_link_sidemenu&quot;:&quot;false&quot;,&quot;hoteller_ext_link_fullmenu&quot;:&quot;false&quot;,&quot;hoteller_ext_link_closed_fullmenu&quot;:&quot;false&quot;,&quot;hoteller_ext_is_scrollme&quot;:&quot;false&quot;,&quot;hoteller_ext_is_smoove&quot;:&quot;false&quot;,&quot;hoteller_ext_is_parallax_mouse&quot;:&quot;false&quot;,&quot;hoteller_ext_is_infinite&quot;:&quot;false&quot;,&quot;hoteller_ext_is_fadeout_animation&quot;:&quot;false&quot;,&quot;hoteller_ext_mobile_static&quot;:&quot;false&quot;}\">\n\t\t\t<div class=\"elementor-widget-wrap elementor-element-populated\">\n\t\t\t\t\t\t<div class=\"elementor-element elementor-element-cd0c7fd elementor-invisible elementor-widget elementor-widget-text-editor\" data-id=\"cd0c7fd\" data-element_type=\"widget\" data-settings=\"{&quot;_animation&quot;:&quot;fadeInUp&quot;,&quot;_animation_delay&quot;:1200,&quot;hoteller_ext_link_sidemenu&quot;:&quot;false&quot;,&quot;hoteller_ext_link_fullmenu&quot;:&quot;false&quot;,&quot;hoteller_ext_link_closed_fullmenu&quot;:&quot;false&quot;,&quot;hoteller_ext_is_scrollme&quot;:&quot;false&quot;,&quot;hoteller_ext_is_smoove&quot;:&quot;false&quot;,&quot;hoteller_ext_is_parallax_mouse&quot;:&quot;false&quot;,&quot;hoteller_ext_is_infinite&quot;:&quot;false&quot;,&quot;hoteller_ext_is_fadeout_animation&quot;:&quot;false&quot;,&quot;hoteller_ext_mobile_static&quot;:&quot;false&quot;}\" data-widget_type=\"text-editor.default\">\n\t\t\t\t<div class=\"elementor-widget-container\">\n\t\t\t\t\t\t\t<p>With a 10 minute drive from the Hotel you find Coimbra, a city that since 2013 is included in the restrict list of Mundial Patrimony by UNESCO with the University of Coimbra, Alta and Sofia.<\/p>\n<p>If \u201cCoimbra is a lesson\u201d, as the popular song says, it\u2019s primarily a lesson of the History of Portugal. In here are buried D. Afonso Henriques and D. Sancho I, the first kings of the Portuguese Crown, and all around the city there are marks left by the builders of the nation, either on the University facilities, created by D. Dinis, or on the monuments \u2013 which visit is almost mandatory \u2013\u00a0 where the interventions of D. Jo\u00e3o III, Marqu\u00eas de Pombal and D. Manuel stand out. From the grandiosity of Biblioteca Joanina to the symbolism of Santa Cruz Convent, the ancient capital of the Kingdom boils with testimony from the past.<\/p>\n<p>Post this, it\u2019s undoubtedly a lesson of tradition. No other Portuguese city lives the way Coimbra does, with the fervency of Academic tradition present on the daily life of the students that on the yearly event of Queima das Fitas celebrates the most awaited moment of the academic year. On the University Tower the bells that regulate the academic life since the 16<sup>th<\/sup> century still sound, without letting forget that this is, above all, an Academic City.<\/p>\n<p>And since that is no bigger passion than the youth one, Coimbra couldn\u2019t stop being a lesson of romance as well. The city of the poets and the Fado, where at every corner lived a big author, is also the land of In\u00eas de Castro and the king D. Pedro, historical characters that lived the most famous, and probably the most tragic Portuguese love story. Visiting Quinta das L\u00e1grimas, wetting your feet on Mondego and crossing the Pedro and In\u00eas bridge, or getting lost on the exhuberant Mata do Bu\u00e7aco is discovering the \u201cPortuguese Capital of Love\u201d.<\/p>\n<p>Besides the \u201cStunning In\u00eas\u201d narrative, you should also get to know the life of the other important woman intimately connected to Coimbra, Rainha Santa Isabel. Patroness of the city and founder of the Santa Clara Monastery, the pious wife of D. Dinis had a prominent role on the politics of the time, and had a great contribute in keeping the Kingdom\u2019s peace. The legend of Rainha Santa and her Roses Miracle steadied forever in popular devotion the image of the kind sovereign, remaining, to this day, an emblematic figure of the history and life of Coimbra.<\/p>\n<p>Women and men of today are also part of the identity of the city, giving life to the old streets, appreciating the local gastronomy and wines, and enjoying the medicinal waters of Luso and C\u00faria. Do as they do. Here, you\u2019ll learn to \u201csay saudade\u201d.<\/p>\n\t\t\t\t\t\t<\/div>\n\t\t\t\t<\/div>\n\t\t\t\t<div class=\"elementor-element elementor-element-20eb11af stellar elementor-invisible elementor-widget elementor-widget-image\" data-id=\"20eb11af\" data-element_type=\"widget\" data-settings=\"{&quot;_animation&quot;:&quot;fadeIn&quot;,&quot;hoteller_image_is_animation&quot;:&quot;false&quot;,&quot;hoteller_ext_link_sidemenu&quot;:&quot;false&quot;,&quot;hoteller_ext_link_fullmenu&quot;:&quot;false&quot;,&quot;hoteller_ext_link_closed_fullmenu&quot;:&quot;false&quot;,&quot;hoteller_ext_is_scrollme&quot;:&quot;false&quot;,&quot;hoteller_ext_is_smoove&quot;:&quot;false&quot;,&quot;hoteller_ext_is_parallax_mouse&quot;:&quot;false&quot;,&quot;hoteller_ext_is_infinite&quot;:&quot;false&quot;,&quot;hoteller_ext_is_fadeout_animation&quot;:&quot;false&quot;,&quot;hoteller_ext_mobile_static&quot;:&quot;false&quot;}\" data-widget_type=\"image.default\">\n\t\t\t\t<div class=\"elementor-widget-container\">\n\t\t\t\t\t\t\t\t\t\t\t\t\t<img fetchpriority=\"high\" decoding=\"async\" width=\"1920\" height=\"1280\" src=\"https:\/\/conimbrigahoteldopaco.pt\/wp-content\/uploads\/2019\/05\/chp_experiencias_coimibra.jpg\" class=\"attachment-full size-full wp-image-2683\" alt=\"\" srcset=\"https:\/\/conimbrigahoteldopaco.pt\/wp-content\/uploads\/2019\/05\/chp_experiencias_coimibra.jpg 1920w, https:\/\/conimbrigahoteldopaco.pt\/wp-content\/uploads\/2019\/05\/chp_experiencias_coimibra-300x200.jpg 300w, https:\/\/conimbrigahoteldopaco.pt\/wp-content\/uploads\/2019\/05\/chp_experiencias_coimibra-768x512.jpg 768w, https:\/\/conimbrigahoteldopaco.pt\/wp-content\/uploads\/2019\/05\/chp_experiencias_coimibra-1024x683.jpg 1024w, https:\/\/conimbrigahoteldopaco.pt\/wp-content\/uploads\/2019\/05\/chp_experiencias_coimibra-700x466.jpg 700w, https:\/\/conimbrigahoteldopaco.pt\/wp-content\/uploads\/2019\/05\/chp_experiencias_coimibra-440x293.jpg 440w, https:\/\/conimbrigahoteldopaco.pt\/wp-content\/uploads\/2019\/05\/chp_experiencias_coimibra-600x400.jpg 600w\" sizes=\"(max-width: 1920px) 100vw, 1920px\" \/>\t\t\t\t\t\t\t\t\t\t\t\t\t<\/div>\n\t\t\t\t<\/div>\n\t\t\t\t\t<\/div>\n\t\t<\/div>\n\t\t\t\t\t<\/div>\n\t\t<\/section>\n\t\t\t\t<section class=\"elementor-section elementor-top-section elementor-element elementor-element-9864d65 elementor-section-stretched elementor-section-height-min-height elementor-section-boxed elementor-section-height-default elementor-section-items-middle\" data-id=\"9864d65\" data-element_type=\"section\" data-settings=\"{&quot;stretch_section&quot;:&quot;section-stretched&quot;,&quot;shape_divider_bottom&quot;:&quot;waves&quot;,&quot;hoteller_ext_is_background_parallax&quot;:&quot;false&quot;,&quot;hoteller_ext_is_background_on_scroll&quot;:&quot;false&quot;}\">\n\t\t\t\t\t<div class=\"elementor-shape elementor-shape-bottom\" data-negative=\"false\">\n\t\t\t<svg xmlns=\"http:\/\/www.w3.org\/2000\/svg\" viewBox=\"0 0 1000 100\" preserveAspectRatio=\"none\">\n\t<path class=\"elementor-shape-fill\" d=\"M421.9,6.5c22.6-2.5,51.5,0.4,75.5,5.3c23.6,4.9,70.9,23.5,100.5,35.7c75.8,32.2,133.7,44.5,192.6,49.7\n\tc23.6,2.1,48.7,3.5,103.4-2.5c54.7-6,106.2-25.6,106.2-25.6V0H0v30.3c0,0,72,32.6,158.4,30.5c39.2-0.7,92.8-6.7,134-22.4\n\tc21.2-8.1,52.2-18.2,79.7-24.2C399.3,7.9,411.6,7.5,421.9,6.5z\"\/>\n<\/svg>\t\t<\/div>\n\t\t\t\t\t<div class=\"elementor-container elementor-column-gap-default\">\n\t\t\t\t\t<div class=\"elementor-column elementor-col-100 elementor-top-column elementor-element elementor-element-884e6b2\" data-id=\"884e6b2\" data-element_type=\"column\" data-settings=\"{&quot;hoteller_ext_link_sidemenu&quot;:&quot;false&quot;,&quot;hoteller_ext_link_fullmenu&quot;:&quot;false&quot;,&quot;hoteller_ext_link_closed_fullmenu&quot;:&quot;false&quot;,&quot;hoteller_ext_is_scrollme&quot;:&quot;false&quot;,&quot;hoteller_ext_is_smoove&quot;:&quot;false&quot;,&quot;hoteller_ext_is_parallax_mouse&quot;:&quot;false&quot;,&quot;hoteller_ext_is_infinite&quot;:&quot;false&quot;,&quot;hoteller_ext_is_fadeout_animation&quot;:&quot;false&quot;,&quot;hoteller_ext_mobile_static&quot;:&quot;false&quot;}\">\n\t\t\t<div class=\"elementor-widget-wrap\">\n\t\t\t\t\t\t\t<\/div>\n\t\t<\/div>\n\t\t\t\t\t<\/div>\n\t\t<\/section>\n\t\t\t\t<\/div>\n\t\t","protected":false},"excerpt":{"rendered":"<p>Coimbra Experience With a 10 minute drive from the Hotel you find Coimbra, a city that since 2013 is included in the restrict list of Mundial Patrimony by UNESCO with the University of Coimbra, Alta and Sofia. If \u201cCoimbra is [&hellip;]<\/p>\n","protected":false},"author":1,"featured_media":0,"parent":3799,"menu_order":0,"comment_status":"closed","ping_status":"closed","template":"","meta":{"footnotes":""},"class_list":["post-2754","page","type-page","status-publish","hentry"],"yoast_head":"<!-- This site is optimized with the Yoast SEO plugin v25.6 - https:\/\/yoast.com\/wordpress\/plugins\/seo\/ -->\n<title>Coimbra - Con\u00edmbriga Hotel do Pa\u00e7o<\/title>\n<meta name=\"robots\" content=\"index, follow, max-snippet:-1, max-image-preview:large, max-video-preview:-1\" \/>\n<link rel=\"canonical\" href=\"https:\/\/conimbrigahoteldopaco.pt\/en\/experiences\/coimbra\/\" \/>\n<meta property=\"og:locale\" content=\"en_US\" \/>\n<meta property=\"og:type\" content=\"article\" \/>\n<meta property=\"og:title\" content=\"Coimbra - Con\u00edmbriga Hotel do Pa\u00e7o\" \/>\n<meta property=\"og:description\" content=\"Coimbra Experience With a 10 minute drive from the Hotel you find Coimbra, a city that since 2013 is included in the restrict list of Mundial Patrimony by UNESCO with the University of Coimbra, Alta and Sofia. If \u201cCoimbra is [&hellip;]\" \/>\n<meta property=\"og:url\" content=\"https:\/\/conimbrigahoteldopaco.pt\/en\/experiences\/coimbra\/\" \/>\n<meta property=\"og:site_name\" content=\"Con\u00edmbriga Hotel do Pa\u00e7o\" \/>\n<meta property=\"article:modified_time\" content=\"2019-09-09T08:50:20+00:00\" \/>\n<meta property=\"og:image\" content=\"https:\/\/conimbrigahoteldopaco.pt\/wp-content\/uploads\/2019\/05\/chp_experiencias_coimibra.jpg\" \/>\n<meta name=\"twitter:card\" content=\"summary_large_image\" \/>\n<meta name=\"twitter:label1\" content=\"Est. reading time\" \/>\n\t<meta name=\"twitter:data1\" content=\"2 minutes\" \/>\n<script type=\"application\/ld+json\" class=\"yoast-schema-graph\">{\"@context\":\"https:\/\/schema.org\",\"@graph\":[{\"@type\":\"WebPage\",\"@id\":\"https:\/\/conimbrigahoteldopaco.pt\/en\/experiences\/coimbra\/\",\"url\":\"https:\/\/conimbrigahoteldopaco.pt\/en\/experiences\/coimbra\/\",\"name\":\"Coimbra - Con\u00edmbriga Hotel do Pa\u00e7o\",\"isPartOf\":{\"@id\":\"https:\/\/conimbrigahoteldopaco.pt\/en\/#website\"},\"primaryImageOfPage\":{\"@id\":\"https:\/\/conimbrigahoteldopaco.pt\/en\/experiences\/coimbra\/#primaryimage\"},\"image\":{\"@id\":\"https:\/\/conimbrigahoteldopaco.pt\/en\/experiences\/coimbra\/#primaryimage\"},\"thumbnailUrl\":\"https:\/\/conimbrigahoteldopaco.pt\/wp-content\/uploads\/2019\/05\/chp_experiencias_coimibra.jpg\",\"datePublished\":\"2019-05-02T17:43:38+00:00\",\"dateModified\":\"2019-09-09T08:50:20+00:00\",\"breadcrumb\":{\"@id\":\"https:\/\/conimbrigahoteldopaco.pt\/en\/experiences\/coimbra\/#breadcrumb\"},\"inLanguage\":\"en-US\",\"potentialAction\":[{\"@type\":\"ReadAction\",\"target\":[\"https:\/\/conimbrigahoteldopaco.pt\/en\/experiences\/coimbra\/\"]}]},{\"@type\":\"ImageObject\",\"inLanguage\":\"en-US\",\"@id\":\"https:\/\/conimbrigahoteldopaco.pt\/en\/experiences\/coimbra\/#primaryimage\",\"url\":\"https:\/\/conimbrigahoteldopaco.pt\/wp-content\/uploads\/2019\/05\/chp_experiencias_coimibra.jpg\",\"contentUrl\":\"https:\/\/conimbrigahoteldopaco.pt\/wp-content\/uploads\/2019\/05\/chp_experiencias_coimibra.jpg\"},{\"@type\":\"BreadcrumbList\",\"@id\":\"https:\/\/conimbrigahoteldopaco.pt\/en\/experiences\/coimbra\/#breadcrumb\",\"itemListElement\":[{\"@type\":\"ListItem\",\"position\":1,\"name\":\"In\u00edcio\",\"item\":\"https:\/\/conimbrigahoteldopaco.pt\/en\/\"},{\"@type\":\"ListItem\",\"position\":2,\"name\":\"Experiences\",\"item\":\"https:\/\/conimbrigahoteldopaco.pt\/en\/experiences\/\"},{\"@type\":\"ListItem\",\"position\":3,\"name\":\"Coimbra\"}]},{\"@type\":\"WebSite\",\"@id\":\"https:\/\/conimbrigahoteldopaco.pt\/en\/#website\",\"url\":\"https:\/\/conimbrigahoteldopaco.pt\/en\/\",\"name\":\"Con\u00edmbriga Hotel do Pa\u00e7o\",\"description\":\"Condeixa-a-Nova\",\"potentialAction\":[{\"@type\":\"SearchAction\",\"target\":{\"@type\":\"EntryPoint\",\"urlTemplate\":\"https:\/\/conimbrigahoteldopaco.pt\/en\/?s={search_term_string}\"},\"query-input\":{\"@type\":\"PropertyValueSpecification\",\"valueRequired\":true,\"valueName\":\"search_term_string\"}}],\"inLanguage\":\"en-US\"}]}<\/script>\n<!-- \/ Yoast SEO plugin. -->","yoast_head_json":{"title":"Coimbra - Con\u00edmbriga Hotel do Pa\u00e7o","robots":{"index":"index","follow":"follow","max-snippet":"max-snippet:-1","max-image-preview":"max-image-preview:large","max-video-preview":"max-video-preview:-1"},"canonical":"https:\/\/conimbrigahoteldopaco.pt\/en\/experiences\/coimbra\/","og_locale":"en_US","og_type":"article","og_title":"Coimbra - Con\u00edmbriga Hotel do Pa\u00e7o","og_description":"Coimbra Experience With a 10 minute drive from the Hotel you find Coimbra, a city that since 2013 is included in the restrict list of Mundial Patrimony by UNESCO with the University of Coimbra, Alta and Sofia. If \u201cCoimbra is [&hellip;]","og_url":"https:\/\/conimbrigahoteldopaco.pt\/en\/experiences\/coimbra\/","og_site_name":"Con\u00edmbriga Hotel do Pa\u00e7o","article_modified_time":"2019-09-09T08:50:20+00:00","og_image":[{"url":"https:\/\/conimbrigahoteldopaco.pt\/wp-content\/uploads\/2019\/05\/chp_experiencias_coimibra.jpg","type":"","width":"","height":""}],"twitter_card":"summary_large_image","twitter_misc":{"Est. reading time":"2 minutes"},"schema":{"@context":"https:\/\/schema.org","@graph":[{"@type":"WebPage","@id":"https:\/\/conimbrigahoteldopaco.pt\/en\/experiences\/coimbra\/","url":"https:\/\/conimbrigahoteldopaco.pt\/en\/experiences\/coimbra\/","name":"Coimbra - Con\u00edmbriga Hotel do Pa\u00e7o","isPartOf":{"@id":"https:\/\/conimbrigahoteldopaco.pt\/en\/#website"},"primaryImageOfPage":{"@id":"https:\/\/conimbrigahoteldopaco.pt\/en\/experiences\/coimbra\/#primaryimage"},"image":{"@id":"https:\/\/conimbrigahoteldopaco.pt\/en\/experiences\/coimbra\/#primaryimage"},"thumbnailUrl":"https:\/\/conimbrigahoteldopaco.pt\/wp-content\/uploads\/2019\/05\/chp_experiencias_coimibra.jpg","datePublished":"2019-05-02T17:43:38+00:00","dateModified":"2019-09-09T08:50:20+00:00","breadcrumb":{"@id":"https:\/\/conimbrigahoteldopaco.pt\/en\/experiences\/coimbra\/#breadcrumb"},"inLanguage":"en-US","potentialAction":[{"@type":"ReadAction","target":["https:\/\/conimbrigahoteldopaco.pt\/en\/experiences\/coimbra\/"]}]},{"@type":"ImageObject","inLanguage":"en-US","@id":"https:\/\/conimbrigahoteldopaco.pt\/en\/experiences\/coimbra\/#primaryimage","url":"https:\/\/conimbrigahoteldopaco.pt\/wp-content\/uploads\/2019\/05\/chp_experiencias_coimibra.jpg","contentUrl":"https:\/\/conimbrigahoteldopaco.pt\/wp-content\/uploads\/2019\/05\/chp_experiencias_coimibra.jpg"},{"@type":"BreadcrumbList","@id":"https:\/\/conimbrigahoteldopaco.pt\/en\/experiences\/coimbra\/#breadcrumb","itemListElement":[{"@type":"ListItem","position":1,"name":"In\u00edcio","item":"https:\/\/conimbrigahoteldopaco.pt\/en\/"},{"@type":"ListItem","position":2,"name":"Experiences","item":"https:\/\/conimbrigahoteldopaco.pt\/en\/experiences\/"},{"@type":"ListItem","position":3,"name":"Coimbra"}]},{"@type":"WebSite","@id":"https:\/\/conimbrigahoteldopaco.pt\/en\/#website","url":"https:\/\/conimbrigahoteldopaco.pt\/en\/","name":"Con\u00edmbriga Hotel do Pa\u00e7o","description":"Condeixa-a-Nova","potentialAction":[{"@type":"SearchAction","target":{"@type":"EntryPoint","urlTemplate":"https:\/\/conimbrigahoteldopaco.pt\/en\/?s={search_term_string}"},"query-input":{"@type":"PropertyValueSpecification","valueRequired":true,"valueName":"search_term_string"}}],"inLanguage":"en-US"}]}},"_links":{"self":[{"href":"https:\/\/conimbrigahoteldopaco.pt\/en\/wp-json\/wp\/v2\/pages\/2754"}],"collection":[{"href":"https:\/\/conimbrigahoteldopaco.pt\/en\/wp-json\/wp\/v2\/pages"}],"about":[{"href":"https:\/\/conimbrigahoteldopaco.pt\/en\/wp-json\/wp\/v2\/types\/page"}],"author":[{"embeddable":true,"href":"https:\/\/conimbrigahoteldopaco.pt\/en\/wp-json\/wp\/v2\/users\/1"}],"replies":[{"embeddable":true,"href":"https:\/\/conimbrigahoteldopaco.pt\/en\/wp-json\/wp\/v2\/comments?post=2754"}],"version-history":[{"count":2,"href":"https:\/\/conimbrigahoteldopaco.pt\/en\/wp-json\/wp\/v2\/pages\/2754\/revisions"}],"predecessor-version":[{"id":2756,"href":"https:\/\/conimbrigahoteldopaco.pt\/en\/wp-json\/wp\/v2\/pages\/2754\/revisions\/2756"}],"up":[{"embeddable":true,"href":"https:\/\/conimbrigahoteldopaco.pt\/en\/wp-json\/wp\/v2\/pages\/3799"}],"wp:attachment":[{"href":"https:\/\/conimbrigahoteldopaco.pt\/en\/wp-json\/wp\/v2\/media?parent=2754"}],"curies":[{"name":"wp","href":"https:\/\/api.w.org\/{rel}","templated":true}]}}