{"id":2759,"date":"2018-06-21T09:17:58","date_gmt":"2018-06-21T09:17:58","guid":{"rendered":"https:\/\/conimbrigahoteldopaco.pt\/ruinas-de-conimbriga\/"},"modified":"2019-09-09T09:05:23","modified_gmt":"2019-09-09T09:05:23","slug":"ruinas-de-conimbriga","status":"publish","type":"page","link":"https:\/\/conimbrigahoteldopaco.pt\/en\/experiences\/ruinas-de-conimbriga\/","title":{"rendered":"Ru\u00ednas de Con\u00edmbriga"},"content":{"rendered":"\t\t<div data-elementor-type=\"wp-page\" data-elementor-id=\"2759\" class=\"elementor elementor-2759 elementor-423\">\n\t\t\t\t\t\t<section class=\"elementor-section elementor-top-section elementor-element elementor-element-c230fd3 elementor-section-boxed elementor-section-height-default elementor-section-height-default\" data-id=\"c230fd3\" data-element_type=\"section\" data-settings=\"{&quot;hoteller_ext_is_background_parallax&quot;:&quot;false&quot;,&quot;hoteller_ext_is_background_on_scroll&quot;:&quot;false&quot;}\">\n\t\t\t\t\t\t<div class=\"elementor-container elementor-column-gap-default\">\n\t\t\t\t\t<div class=\"elementor-column elementor-col-100 elementor-top-column elementor-element elementor-element-1aad598\" data-id=\"1aad598\" data-element_type=\"column\" data-settings=\"{&quot;hoteller_ext_link_sidemenu&quot;:&quot;false&quot;,&quot;hoteller_ext_link_fullmenu&quot;:&quot;false&quot;,&quot;hoteller_ext_link_closed_fullmenu&quot;:&quot;false&quot;,&quot;hoteller_ext_is_scrollme&quot;:&quot;false&quot;,&quot;hoteller_ext_is_smoove&quot;:&quot;false&quot;,&quot;hoteller_ext_is_parallax_mouse&quot;:&quot;false&quot;,&quot;hoteller_ext_is_infinite&quot;:&quot;false&quot;,&quot;hoteller_ext_is_fadeout_animation&quot;:&quot;false&quot;,&quot;hoteller_ext_mobile_static&quot;:&quot;false&quot;}\">\n\t\t\t<div class=\"elementor-widget-wrap elementor-element-populated\">\n\t\t\t\t\t\t<div class=\"elementor-element elementor-element-8e1d38a elementor-invisible elementor-widget elementor-widget-heading\" data-id=\"8e1d38a\" data-element_type=\"widget\" data-settings=\"{&quot;_animation&quot;:&quot;fadeInUp&quot;,&quot;hoteller_ext_link_sidemenu&quot;:&quot;false&quot;,&quot;hoteller_ext_link_fullmenu&quot;:&quot;false&quot;,&quot;hoteller_ext_link_closed_fullmenu&quot;:&quot;false&quot;,&quot;hoteller_ext_is_scrollme&quot;:&quot;false&quot;,&quot;hoteller_ext_is_smoove&quot;:&quot;false&quot;,&quot;hoteller_ext_is_parallax_mouse&quot;:&quot;false&quot;,&quot;hoteller_ext_is_infinite&quot;:&quot;false&quot;,&quot;hoteller_ext_is_fadeout_animation&quot;:&quot;false&quot;,&quot;hoteller_ext_mobile_static&quot;:&quot;false&quot;}\" data-widget_type=\"heading.default\">\n\t\t\t\t<div class=\"elementor-widget-container\">\n\t\t\t<h1 class=\"elementor-heading-title elementor-size-default\">Ru\u00ednas de Con\u00edmbriga<\/h1>\t\t<\/div>\n\t\t\t\t<\/div>\n\t\t\t\t<div class=\"elementor-element elementor-element-4c7cfbb elementor-invisible elementor-widget elementor-widget-text-editor\" data-id=\"4c7cfbb\" data-element_type=\"widget\" data-settings=\"{&quot;_animation&quot;:&quot;fadeInUp&quot;,&quot;_animation_delay&quot;:400,&quot;hoteller_ext_link_sidemenu&quot;:&quot;false&quot;,&quot;hoteller_ext_link_fullmenu&quot;:&quot;false&quot;,&quot;hoteller_ext_link_closed_fullmenu&quot;:&quot;false&quot;,&quot;hoteller_ext_is_scrollme&quot;:&quot;false&quot;,&quot;hoteller_ext_is_smoove&quot;:&quot;false&quot;,&quot;hoteller_ext_is_parallax_mouse&quot;:&quot;false&quot;,&quot;hoteller_ext_is_infinite&quot;:&quot;false&quot;,&quot;hoteller_ext_is_fadeout_animation&quot;:&quot;false&quot;,&quot;hoteller_ext_mobile_static&quot;:&quot;false&quot;}\" data-widget_type=\"text-editor.default\">\n\t\t\t\t<div class=\"elementor-widget-container\">\n\t\t\t\t\t\t\t<p class=\"p1\"><span class=\"s1\">Experience<\/span><\/p>\n\t\t\t\t\t\t<\/div>\n\t\t\t\t<\/div>\n\t\t\t\t\t<\/div>\n\t\t<\/div>\n\t\t\t\t\t<\/div>\n\t\t<\/section>\n\t\t\t\t<section class=\"elementor-section elementor-top-section elementor-element elementor-element-af73848 elementor-section-boxed elementor-section-height-default elementor-section-height-default\" data-id=\"af73848\" data-element_type=\"section\" data-settings=\"{&quot;hoteller_ext_is_background_parallax&quot;:&quot;false&quot;,&quot;hoteller_ext_is_background_on_scroll&quot;:&quot;false&quot;}\">\n\t\t\t\t\t\t<div class=\"elementor-container elementor-column-gap-default\">\n\t\t\t\t\t<div class=\"elementor-column elementor-col-100 elementor-top-column elementor-element elementor-element-d27ca97\" data-id=\"d27ca97\" data-element_type=\"column\" data-settings=\"{&quot;hoteller_ext_link_sidemenu&quot;:&quot;false&quot;,&quot;hoteller_ext_link_fullmenu&quot;:&quot;false&quot;,&quot;hoteller_ext_link_closed_fullmenu&quot;:&quot;false&quot;,&quot;hoteller_ext_is_scrollme&quot;:&quot;false&quot;,&quot;hoteller_ext_is_smoove&quot;:&quot;false&quot;,&quot;hoteller_ext_is_parallax_mouse&quot;:&quot;false&quot;,&quot;hoteller_ext_is_infinite&quot;:&quot;false&quot;,&quot;hoteller_ext_is_fadeout_animation&quot;:&quot;false&quot;,&quot;hoteller_ext_mobile_static&quot;:&quot;false&quot;}\">\n\t\t\t<div class=\"elementor-widget-wrap elementor-element-populated\">\n\t\t\t\t\t\t<div class=\"elementor-element elementor-element-cd0c7fd elementor-invisible elementor-widget elementor-widget-text-editor\" data-id=\"cd0c7fd\" data-element_type=\"widget\" data-settings=\"{&quot;_animation&quot;:&quot;fadeInUp&quot;,&quot;_animation_delay&quot;:1200,&quot;hoteller_ext_link_sidemenu&quot;:&quot;false&quot;,&quot;hoteller_ext_link_fullmenu&quot;:&quot;false&quot;,&quot;hoteller_ext_link_closed_fullmenu&quot;:&quot;false&quot;,&quot;hoteller_ext_is_scrollme&quot;:&quot;false&quot;,&quot;hoteller_ext_is_smoove&quot;:&quot;false&quot;,&quot;hoteller_ext_is_parallax_mouse&quot;:&quot;false&quot;,&quot;hoteller_ext_is_infinite&quot;:&quot;false&quot;,&quot;hoteller_ext_is_fadeout_animation&quot;:&quot;false&quot;,&quot;hoteller_ext_mobile_static&quot;:&quot;false&quot;}\" data-widget_type=\"text-editor.default\">\n\t\t\t\t<div class=\"elementor-widget-container\">\n\t\t\t\t\t\t\t<p>Just 5 minutes away from the Hotel you can find Con\u00edmbriga. It has been inhabited since Neolithic period, and had for sure human presence in Chalcolithic and Bronze Age, originating times of the most ancient testimonies that got to us. It\u2019s granted that the Celts have been here: the toponyms ended in \u201cbriga\u201d are the clear testimony of that presence. Thus, Con\u00edmbriga was a ruin when the Romans got here in 138 a.C. and took over oppidum.<\/p>\n<p>The set of Con\u00edmbriga\u2019s Ruins, the Monographic Museum \u2013 built on its immediate proximity \u2013 and the castellum of Alcabideque, substantiates a heavy archeological complex that allowed the reconstruction of an important cell of the great Roman Empire. Alongside with Mirobriga (Santiago do Cac\u00e9m) and Tongobriga (Freixo, Marco de Canaveses), it consolidates the big roman memory triangle in Portugal.<\/p>\n<p>The grandiosity and pragmatism of the roman architecture are well represented in Con\u00edmbriga, as well as the superiority of its civilizing action, that raises from various everyday details. Therefore, as the text abovementioned shows, has it been inhabited since very early times, the Con\u00edmbriga foundation and the majority of the constructions built on it go back to the time of Emperor Augusto (c. I a.C. \u2013 I d.C.).<\/p>\n<p>Initiated in 1928, the archeological excavations started to reveal a very significant part of the tracing of this city, allowing the visitor of the Ruins to testify the planning of a laborious urban planning attentive to all needs: the forum, the aqueduct, the trade neighborhoods, industry and housing, the inn, several thermal baths, the amphitheater, and the walls for circumscription and defense of the city. Of this set, a neighborhood of rich and lordly houses stands out. It opposes diametrically to the insulae of the commoner, for the complexity of its construction and decorative refinement, where the \u201cHouse of Repuxos\u201d stands out, with its great gardened peristyle and paved with polychrome mosaics, preserved in situ, that exhibit geometrical mythological motives, or simply represent the royal quotidian.<\/p>\n\t\t\t\t\t\t<\/div>\n\t\t\t\t<\/div>\n\t\t\t\t<div class=\"elementor-element elementor-element-20eb11af stellar elementor-invisible elementor-widget elementor-widget-image\" data-id=\"20eb11af\" data-element_type=\"widget\" data-settings=\"{&quot;_animation&quot;:&quot;fadeIn&quot;,&quot;hoteller_image_is_animation&quot;:&quot;false&quot;,&quot;hoteller_ext_link_sidemenu&quot;:&quot;false&quot;,&quot;hoteller_ext_link_fullmenu&quot;:&quot;false&quot;,&quot;hoteller_ext_link_closed_fullmenu&quot;:&quot;false&quot;,&quot;hoteller_ext_is_scrollme&quot;:&quot;false&quot;,&quot;hoteller_ext_is_smoove&quot;:&quot;false&quot;,&quot;hoteller_ext_is_parallax_mouse&quot;:&quot;false&quot;,&quot;hoteller_ext_is_infinite&quot;:&quot;false&quot;,&quot;hoteller_ext_is_fadeout_animation&quot;:&quot;false&quot;,&quot;hoteller_ext_mobile_static&quot;:&quot;false&quot;}\" data-widget_type=\"image.default\">\n\t\t\t\t<div class=\"elementor-widget-container\">\n\t\t\t\t\t\t\t\t\t\t\t\t\t<img fetchpriority=\"high\" decoding=\"async\" width=\"1920\" height=\"1280\" src=\"https:\/\/conimbrigahoteldopaco.pt\/wp-content\/uploads\/2019\/04\/chp_experiencias_conimbriga.jpg\" class=\"attachment-full size-full wp-image-2680\" alt=\"\" srcset=\"https:\/\/conimbrigahoteldopaco.pt\/wp-content\/uploads\/2019\/04\/chp_experiencias_conimbriga.jpg 1920w, https:\/\/conimbrigahoteldopaco.pt\/wp-content\/uploads\/2019\/04\/chp_experiencias_conimbriga-300x200.jpg 300w, https:\/\/conimbrigahoteldopaco.pt\/wp-content\/uploads\/2019\/04\/chp_experiencias_conimbriga-768x512.jpg 768w, https:\/\/conimbrigahoteldopaco.pt\/wp-content\/uploads\/2019\/04\/chp_experiencias_conimbriga-1024x683.jpg 1024w, https:\/\/conimbrigahoteldopaco.pt\/wp-content\/uploads\/2019\/04\/chp_experiencias_conimbriga-700x466.jpg 700w, https:\/\/conimbrigahoteldopaco.pt\/wp-content\/uploads\/2019\/04\/chp_experiencias_conimbriga-440x293.jpg 440w, https:\/\/conimbrigahoteldopaco.pt\/wp-content\/uploads\/2019\/04\/chp_experiencias_conimbriga-600x400.jpg 600w\" sizes=\"(max-width: 1920px) 100vw, 1920px\" \/>\t\t\t\t\t\t\t\t\t\t\t\t\t<\/div>\n\t\t\t\t<\/div>\n\t\t\t\t\t<\/div>\n\t\t<\/div>\n\t\t\t\t\t<\/div>\n\t\t<\/section>\n\t\t\t\t<section class=\"elementor-section elementor-top-section elementor-element elementor-element-9864d65 elementor-section-stretched elementor-section-height-min-height elementor-section-boxed elementor-section-height-default elementor-section-items-middle\" data-id=\"9864d65\" data-element_type=\"section\" data-settings=\"{&quot;stretch_section&quot;:&quot;section-stretched&quot;,&quot;shape_divider_bottom&quot;:&quot;waves&quot;,&quot;hoteller_ext_is_background_parallax&quot;:&quot;false&quot;,&quot;hoteller_ext_is_background_on_scroll&quot;:&quot;false&quot;}\">\n\t\t\t\t\t<div class=\"elementor-shape elementor-shape-bottom\" data-negative=\"false\">\n\t\t\t<svg xmlns=\"http:\/\/www.w3.org\/2000\/svg\" viewBox=\"0 0 1000 100\" preserveAspectRatio=\"none\">\n\t<path class=\"elementor-shape-fill\" d=\"M421.9,6.5c22.6-2.5,51.5,0.4,75.5,5.3c23.6,4.9,70.9,23.5,100.5,35.7c75.8,32.2,133.7,44.5,192.6,49.7\n\tc23.6,2.1,48.7,3.5,103.4-2.5c54.7-6,106.2-25.6,106.2-25.6V0H0v30.3c0,0,72,32.6,158.4,30.5c39.2-0.7,92.8-6.7,134-22.4\n\tc21.2-8.1,52.2-18.2,79.7-24.2C399.3,7.9,411.6,7.5,421.9,6.5z\"\/>\n<\/svg>\t\t<\/div>\n\t\t\t\t\t<div class=\"elementor-container elementor-column-gap-default\">\n\t\t\t\t\t<div class=\"elementor-column elementor-col-100 elementor-top-column elementor-element elementor-element-884e6b2\" data-id=\"884e6b2\" data-element_type=\"column\" data-settings=\"{&quot;hoteller_ext_link_sidemenu&quot;:&quot;false&quot;,&quot;hoteller_ext_link_fullmenu&quot;:&quot;false&quot;,&quot;hoteller_ext_link_closed_fullmenu&quot;:&quot;false&quot;,&quot;hoteller_ext_is_scrollme&quot;:&quot;false&quot;,&quot;hoteller_ext_is_smoove&quot;:&quot;false&quot;,&quot;hoteller_ext_is_parallax_mouse&quot;:&quot;false&quot;,&quot;hoteller_ext_is_infinite&quot;:&quot;false&quot;,&quot;hoteller_ext_is_fadeout_animation&quot;:&quot;false&quot;,&quot;hoteller_ext_mobile_static&quot;:&quot;false&quot;}\">\n\t\t\t<div class=\"elementor-widget-wrap\">\n\t\t\t\t\t\t\t<\/div>\n\t\t<\/div>\n\t\t\t\t\t<\/div>\n\t\t<\/section>\n\t\t\t\t<\/div>\n\t\t","protected":false},"excerpt":{"rendered":"<p>Ru\u00ednas de Con\u00edmbriga Experience Just 5 minutes away from the Hotel you can find Con\u00edmbriga. It has been inhabited since Neolithic period, and had for sure human presence in Chalcolithic and Bronze Age, originating times of the most ancient testimonies [&hellip;]<\/p>\n","protected":false},"author":1,"featured_media":0,"parent":3799,"menu_order":0,"comment_status":"closed","ping_status":"closed","template":"","meta":{"footnotes":""},"class_list":["post-2759","page","type-page","status-publish","hentry"],"yoast_head":"<!-- This site is optimized with the Yoast SEO plugin v25.6 - https:\/\/yoast.com\/wordpress\/plugins\/seo\/ -->\n<title>Ru\u00ednas de Con\u00edmbriga - Con\u00edmbriga Hotel do Pa\u00e7o<\/title>\n<meta name=\"robots\" content=\"index, follow, max-snippet:-1, max-image-preview:large, max-video-preview:-1\" \/>\n<link rel=\"canonical\" href=\"https:\/\/conimbrigahoteldopaco.pt\/en\/experiences\/ruinas-de-conimbriga\/\" \/>\n<meta property=\"og:locale\" content=\"en_US\" \/>\n<meta property=\"og:type\" content=\"article\" \/>\n<meta property=\"og:title\" content=\"Ru\u00ednas de Con\u00edmbriga - Con\u00edmbriga Hotel do Pa\u00e7o\" \/>\n<meta property=\"og:description\" content=\"Ru\u00ednas de Con\u00edmbriga Experience Just 5 minutes away from the Hotel you can find Con\u00edmbriga. It has been inhabited since Neolithic period, and had for sure human presence in Chalcolithic and Bronze Age, originating times of the most ancient testimonies [&hellip;]\" \/>\n<meta property=\"og:url\" content=\"https:\/\/conimbrigahoteldopaco.pt\/en\/experiences\/ruinas-de-conimbriga\/\" \/>\n<meta property=\"og:site_name\" content=\"Con\u00edmbriga Hotel do Pa\u00e7o\" \/>\n<meta property=\"article:modified_time\" content=\"2019-09-09T09:05:23+00:00\" \/>\n<meta property=\"og:image\" content=\"https:\/\/conimbrigahoteldopaco.pt\/wp-content\/uploads\/2019\/04\/chp_experiencias_conimbriga.jpg\" \/>\n<meta name=\"twitter:card\" content=\"summary_large_image\" \/>\n<meta name=\"twitter:label1\" content=\"Est. reading time\" \/>\n\t<meta name=\"twitter:data1\" content=\"2 minutes\" \/>\n<script type=\"application\/ld+json\" class=\"yoast-schema-graph\">{\"@context\":\"https:\/\/schema.org\",\"@graph\":[{\"@type\":\"WebPage\",\"@id\":\"https:\/\/conimbrigahoteldopaco.pt\/en\/experiences\/ruinas-de-conimbriga\/\",\"url\":\"https:\/\/conimbrigahoteldopaco.pt\/en\/experiences\/ruinas-de-conimbriga\/\",\"name\":\"Ru\u00ednas de Con\u00edmbriga - Con\u00edmbriga Hotel do Pa\u00e7o\",\"isPartOf\":{\"@id\":\"https:\/\/conimbrigahoteldopaco.pt\/en\/#website\"},\"primaryImageOfPage\":{\"@id\":\"https:\/\/conimbrigahoteldopaco.pt\/en\/experiences\/ruinas-de-conimbriga\/#primaryimage\"},\"image\":{\"@id\":\"https:\/\/conimbrigahoteldopaco.pt\/en\/experiences\/ruinas-de-conimbriga\/#primaryimage\"},\"thumbnailUrl\":\"https:\/\/conimbrigahoteldopaco.pt\/wp-content\/uploads\/2019\/04\/chp_experiencias_conimbriga.jpg\",\"datePublished\":\"2018-06-21T09:17:58+00:00\",\"dateModified\":\"2019-09-09T09:05:23+00:00\",\"breadcrumb\":{\"@id\":\"https:\/\/conimbrigahoteldopaco.pt\/en\/experiences\/ruinas-de-conimbriga\/#breadcrumb\"},\"inLanguage\":\"en-US\",\"potentialAction\":[{\"@type\":\"ReadAction\",\"target\":[\"https:\/\/conimbrigahoteldopaco.pt\/en\/experiences\/ruinas-de-conimbriga\/\"]}]},{\"@type\":\"ImageObject\",\"inLanguage\":\"en-US\",\"@id\":\"https:\/\/conimbrigahoteldopaco.pt\/en\/experiences\/ruinas-de-conimbriga\/#primaryimage\",\"url\":\"https:\/\/conimbrigahoteldopaco.pt\/wp-content\/uploads\/2019\/04\/chp_experiencias_conimbriga.jpg\",\"contentUrl\":\"https:\/\/conimbrigahoteldopaco.pt\/wp-content\/uploads\/2019\/04\/chp_experiencias_conimbriga.jpg\"},{\"@type\":\"BreadcrumbList\",\"@id\":\"https:\/\/conimbrigahoteldopaco.pt\/en\/experiences\/ruinas-de-conimbriga\/#breadcrumb\",\"itemListElement\":[{\"@type\":\"ListItem\",\"position\":1,\"name\":\"In\u00edcio\",\"item\":\"https:\/\/conimbrigahoteldopaco.pt\/en\/\"},{\"@type\":\"ListItem\",\"position\":2,\"name\":\"Experiences\",\"item\":\"https:\/\/conimbrigahoteldopaco.pt\/en\/experiences\/\"},{\"@type\":\"ListItem\",\"position\":3,\"name\":\"Ru\u00ednas de Con\u00edmbriga\"}]},{\"@type\":\"WebSite\",\"@id\":\"https:\/\/conimbrigahoteldopaco.pt\/en\/#website\",\"url\":\"https:\/\/conimbrigahoteldopaco.pt\/en\/\",\"name\":\"Con\u00edmbriga Hotel do Pa\u00e7o\",\"description\":\"Condeixa-a-Nova\",\"potentialAction\":[{\"@type\":\"SearchAction\",\"target\":{\"@type\":\"EntryPoint\",\"urlTemplate\":\"https:\/\/conimbrigahoteldopaco.pt\/en\/?s={search_term_string}\"},\"query-input\":{\"@type\":\"PropertyValueSpecification\",\"valueRequired\":true,\"valueName\":\"search_term_string\"}}],\"inLanguage\":\"en-US\"}]}<\/script>\n<!-- \/ Yoast SEO plugin. -->","yoast_head_json":{"title":"Ru\u00ednas de Con\u00edmbriga - Con\u00edmbriga Hotel do Pa\u00e7o","robots":{"index":"index","follow":"follow","max-snippet":"max-snippet:-1","max-image-preview":"max-image-preview:large","max-video-preview":"max-video-preview:-1"},"canonical":"https:\/\/conimbrigahoteldopaco.pt\/en\/experiences\/ruinas-de-conimbriga\/","og_locale":"en_US","og_type":"article","og_title":"Ru\u00ednas de Con\u00edmbriga - Con\u00edmbriga Hotel do Pa\u00e7o","og_description":"Ru\u00ednas de Con\u00edmbriga Experience Just 5 minutes away from the Hotel you can find Con\u00edmbriga. It has been inhabited since Neolithic period, and had for sure human presence in Chalcolithic and Bronze Age, originating times of the most ancient testimonies [&hellip;]","og_url":"https:\/\/conimbrigahoteldopaco.pt\/en\/experiences\/ruinas-de-conimbriga\/","og_site_name":"Con\u00edmbriga Hotel do Pa\u00e7o","article_modified_time":"2019-09-09T09:05:23+00:00","og_image":[{"url":"https:\/\/conimbrigahoteldopaco.pt\/wp-content\/uploads\/2019\/04\/chp_experiencias_conimbriga.jpg","type":"","width":"","height":""}],"twitter_card":"summary_large_image","twitter_misc":{"Est. reading time":"2 minutes"},"schema":{"@context":"https:\/\/schema.org","@graph":[{"@type":"WebPage","@id":"https:\/\/conimbrigahoteldopaco.pt\/en\/experiences\/ruinas-de-conimbriga\/","url":"https:\/\/conimbrigahoteldopaco.pt\/en\/experiences\/ruinas-de-conimbriga\/","name":"Ru\u00ednas de Con\u00edmbriga - Con\u00edmbriga Hotel do Pa\u00e7o","isPartOf":{"@id":"https:\/\/conimbrigahoteldopaco.pt\/en\/#website"},"primaryImageOfPage":{"@id":"https:\/\/conimbrigahoteldopaco.pt\/en\/experiences\/ruinas-de-conimbriga\/#primaryimage"},"image":{"@id":"https:\/\/conimbrigahoteldopaco.pt\/en\/experiences\/ruinas-de-conimbriga\/#primaryimage"},"thumbnailUrl":"https:\/\/conimbrigahoteldopaco.pt\/wp-content\/uploads\/2019\/04\/chp_experiencias_conimbriga.jpg","datePublished":"2018-06-21T09:17:58+00:00","dateModified":"2019-09-09T09:05:23+00:00","breadcrumb":{"@id":"https:\/\/conimbrigahoteldopaco.pt\/en\/experiences\/ruinas-de-conimbriga\/#breadcrumb"},"inLanguage":"en-US","potentialAction":[{"@type":"ReadAction","target":["https:\/\/conimbrigahoteldopaco.pt\/en\/experiences\/ruinas-de-conimbriga\/"]}]},{"@type":"ImageObject","inLanguage":"en-US","@id":"https:\/\/conimbrigahoteldopaco.pt\/en\/experiences\/ruinas-de-conimbriga\/#primaryimage","url":"https:\/\/conimbrigahoteldopaco.pt\/wp-content\/uploads\/2019\/04\/chp_experiencias_conimbriga.jpg","contentUrl":"https:\/\/conimbrigahoteldopaco.pt\/wp-content\/uploads\/2019\/04\/chp_experiencias_conimbriga.jpg"},{"@type":"BreadcrumbList","@id":"https:\/\/conimbrigahoteldopaco.pt\/en\/experiences\/ruinas-de-conimbriga\/#breadcrumb","itemListElement":[{"@type":"ListItem","position":1,"name":"In\u00edcio","item":"https:\/\/conimbrigahoteldopaco.pt\/en\/"},{"@type":"ListItem","position":2,"name":"Experiences","item":"https:\/\/conimbrigahoteldopaco.pt\/en\/experiences\/"},{"@type":"ListItem","position":3,"name":"Ru\u00ednas de Con\u00edmbriga"}]},{"@type":"WebSite","@id":"https:\/\/conimbrigahoteldopaco.pt\/en\/#website","url":"https:\/\/conimbrigahoteldopaco.pt\/en\/","name":"Con\u00edmbriga Hotel do Pa\u00e7o","description":"Condeixa-a-Nova","potentialAction":[{"@type":"SearchAction","target":{"@type":"EntryPoint","urlTemplate":"https:\/\/conimbrigahoteldopaco.pt\/en\/?s={search_term_string}"},"query-input":{"@type":"PropertyValueSpecification","valueRequired":true,"valueName":"search_term_string"}}],"inLanguage":"en-US"}]}},"_links":{"self":[{"href":"https:\/\/conimbrigahoteldopaco.pt\/en\/wp-json\/wp\/v2\/pages\/2759"}],"collection":[{"href":"https:\/\/conimbrigahoteldopaco.pt\/en\/wp-json\/wp\/v2\/pages"}],"about":[{"href":"https:\/\/conimbrigahoteldopaco.pt\/en\/wp-json\/wp\/v2\/types\/page"}],"author":[{"embeddable":true,"href":"https:\/\/conimbrigahoteldopaco.pt\/en\/wp-json\/wp\/v2\/users\/1"}],"replies":[{"embeddable":true,"href":"https:\/\/conimbrigahoteldopaco.pt\/en\/wp-json\/wp\/v2\/comments?post=2759"}],"version-history":[{"count":2,"href":"https:\/\/conimbrigahoteldopaco.pt\/en\/wp-json\/wp\/v2\/pages\/2759\/revisions"}],"predecessor-version":[{"id":2761,"href":"https:\/\/conimbrigahoteldopaco.pt\/en\/wp-json\/wp\/v2\/pages\/2759\/revisions\/2761"}],"up":[{"embeddable":true,"href":"https:\/\/conimbrigahoteldopaco.pt\/en\/wp-json\/wp\/v2\/pages\/3799"}],"wp:attachment":[{"href":"https:\/\/conimbrigahoteldopaco.pt\/en\/wp-json\/wp\/v2\/media?parent=2759"}],"curies":[{"name":"wp","href":"https:\/\/api.w.org\/{rel}","templated":true}]}}