{"id":3037,"date":"2019-09-23T10:40:23","date_gmt":"2019-09-23T10:40:23","guid":{"rendered":"https:\/\/conimbrigahoteldopaco.pt\/po-ro-s-portugal-romano-en-sico\/"},"modified":"2019-09-23T10:40:24","modified_gmt":"2019-09-23T10:40:24","slug":"po-ro-s-portugal-romano-en-sico","status":"publish","type":"page","link":"https:\/\/conimbrigahoteldopaco.pt\/es\/experiencias\/po-ro-s-portugal-romano-en-sico\/","title":{"rendered":"PO.RO.S. Portugal Romano en Sic\u00f3"},"content":{"rendered":"\t\t<div data-elementor-type=\"wp-page\" data-elementor-id=\"3037\" class=\"elementor elementor-3037 elementor-2020\">\n\t\t\t\t\t\t<section class=\"elementor-section elementor-top-section elementor-element elementor-element-c230fd3 elementor-section-boxed elementor-section-height-default elementor-section-height-default\" data-id=\"c230fd3\" data-element_type=\"section\" data-settings=\"{&quot;hoteller_ext_is_background_parallax&quot;:&quot;false&quot;,&quot;hoteller_ext_is_background_on_scroll&quot;:&quot;false&quot;}\">\n\t\t\t\t\t\t<div class=\"elementor-container elementor-column-gap-default\">\n\t\t\t\t\t<div class=\"elementor-column elementor-col-100 elementor-top-column elementor-element elementor-element-1aad598\" data-id=\"1aad598\" data-element_type=\"column\" data-settings=\"{&quot;hoteller_ext_link_sidemenu&quot;:&quot;false&quot;,&quot;hoteller_ext_link_fullmenu&quot;:&quot;false&quot;,&quot;hoteller_ext_link_closed_fullmenu&quot;:&quot;false&quot;,&quot;hoteller_ext_is_scrollme&quot;:&quot;false&quot;,&quot;hoteller_ext_is_smoove&quot;:&quot;false&quot;,&quot;hoteller_ext_is_parallax_mouse&quot;:&quot;false&quot;,&quot;hoteller_ext_is_infinite&quot;:&quot;false&quot;,&quot;hoteller_ext_is_fadeout_animation&quot;:&quot;false&quot;,&quot;hoteller_ext_mobile_static&quot;:&quot;false&quot;}\">\n\t\t\t<div class=\"elementor-widget-wrap elementor-element-populated\">\n\t\t\t\t\t\t<div class=\"elementor-element elementor-element-8e1d38a elementor-invisible elementor-widget elementor-widget-heading\" data-id=\"8e1d38a\" data-element_type=\"widget\" data-settings=\"{&quot;_animation&quot;:&quot;fadeInUp&quot;,&quot;hoteller_ext_link_sidemenu&quot;:&quot;false&quot;,&quot;hoteller_ext_link_fullmenu&quot;:&quot;false&quot;,&quot;hoteller_ext_link_closed_fullmenu&quot;:&quot;false&quot;,&quot;hoteller_ext_is_scrollme&quot;:&quot;false&quot;,&quot;hoteller_ext_is_smoove&quot;:&quot;false&quot;,&quot;hoteller_ext_is_parallax_mouse&quot;:&quot;false&quot;,&quot;hoteller_ext_is_infinite&quot;:&quot;false&quot;,&quot;hoteller_ext_is_fadeout_animation&quot;:&quot;false&quot;,&quot;hoteller_ext_mobile_static&quot;:&quot;false&quot;}\" data-widget_type=\"heading.default\">\n\t\t\t\t<div class=\"elementor-widget-container\">\n\t\t\t<h1 class=\"elementor-heading-title elementor-size-default\">PO.RO.S Portugal Romano em Sic\u00f3<\/h1>\t\t<\/div>\n\t\t\t\t<\/div>\n\t\t\t\t<div class=\"elementor-element elementor-element-4c7cfbb elementor-invisible elementor-widget elementor-widget-text-editor\" data-id=\"4c7cfbb\" data-element_type=\"widget\" data-settings=\"{&quot;_animation&quot;:&quot;fadeInUp&quot;,&quot;_animation_delay&quot;:400,&quot;hoteller_ext_link_sidemenu&quot;:&quot;false&quot;,&quot;hoteller_ext_link_fullmenu&quot;:&quot;false&quot;,&quot;hoteller_ext_link_closed_fullmenu&quot;:&quot;false&quot;,&quot;hoteller_ext_is_scrollme&quot;:&quot;false&quot;,&quot;hoteller_ext_is_smoove&quot;:&quot;false&quot;,&quot;hoteller_ext_is_parallax_mouse&quot;:&quot;false&quot;,&quot;hoteller_ext_is_infinite&quot;:&quot;false&quot;,&quot;hoteller_ext_is_fadeout_animation&quot;:&quot;false&quot;,&quot;hoteller_ext_mobile_static&quot;:&quot;false&quot;}\" data-widget_type=\"text-editor.default\">\n\t\t\t\t<div class=\"elementor-widget-container\">\n\t\t\t\t\t\t\t<p><strong>Experiencia<\/strong><\/p>\n\t\t\t\t\t\t<\/div>\n\t\t\t\t<\/div>\n\t\t\t\t\t<\/div>\n\t\t<\/div>\n\t\t\t\t\t<\/div>\n\t\t<\/section>\n\t\t\t\t<section class=\"elementor-section elementor-top-section elementor-element elementor-element-af73848 elementor-section-boxed elementor-section-height-default elementor-section-height-default\" data-id=\"af73848\" data-element_type=\"section\" data-settings=\"{&quot;hoteller_ext_is_background_parallax&quot;:&quot;false&quot;,&quot;hoteller_ext_is_background_on_scroll&quot;:&quot;false&quot;}\">\n\t\t\t\t\t\t<div class=\"elementor-container elementor-column-gap-default\">\n\t\t\t\t\t<div class=\"elementor-column elementor-col-100 elementor-top-column elementor-element elementor-element-d27ca97\" data-id=\"d27ca97\" data-element_type=\"column\" data-settings=\"{&quot;hoteller_ext_link_sidemenu&quot;:&quot;false&quot;,&quot;hoteller_ext_link_fullmenu&quot;:&quot;false&quot;,&quot;hoteller_ext_link_closed_fullmenu&quot;:&quot;false&quot;,&quot;hoteller_ext_is_scrollme&quot;:&quot;false&quot;,&quot;hoteller_ext_is_smoove&quot;:&quot;false&quot;,&quot;hoteller_ext_is_parallax_mouse&quot;:&quot;false&quot;,&quot;hoteller_ext_is_infinite&quot;:&quot;false&quot;,&quot;hoteller_ext_is_fadeout_animation&quot;:&quot;false&quot;,&quot;hoteller_ext_mobile_static&quot;:&quot;false&quot;}\">\n\t\t\t<div class=\"elementor-widget-wrap elementor-element-populated\">\n\t\t\t\t\t\t<div class=\"elementor-element elementor-element-cd0c7fd elementor-invisible elementor-widget elementor-widget-text-editor\" data-id=\"cd0c7fd\" data-element_type=\"widget\" data-settings=\"{&quot;_animation&quot;:&quot;fadeInUp&quot;,&quot;_animation_delay&quot;:1200,&quot;hoteller_ext_link_sidemenu&quot;:&quot;false&quot;,&quot;hoteller_ext_link_fullmenu&quot;:&quot;false&quot;,&quot;hoteller_ext_link_closed_fullmenu&quot;:&quot;false&quot;,&quot;hoteller_ext_is_scrollme&quot;:&quot;false&quot;,&quot;hoteller_ext_is_smoove&quot;:&quot;false&quot;,&quot;hoteller_ext_is_parallax_mouse&quot;:&quot;false&quot;,&quot;hoteller_ext_is_infinite&quot;:&quot;false&quot;,&quot;hoteller_ext_is_fadeout_animation&quot;:&quot;false&quot;,&quot;hoteller_ext_mobile_static&quot;:&quot;false&quot;}\" data-widget_type=\"text-editor.default\">\n\t\t\t\t<div class=\"elementor-widget-container\">\n\t\t\t\t\t\t\t<p>A pocos metros del Hotel se encuentra PO.RO.S, Museum Portugal Romano en Sic\u00f3. Es el m\u00e1s reciente equipamiento muse\u00edstico de Condeixa. Un proyecto cultural que forma parte de la ruta de romanizaci\u00f3n compuesta por los condados de Condeixa, Penela, Ansi\u00e3o, Alvai\u00e1zere y Tomar. Como espacio multimedia y virtual, funciona en conjunto con Con\u00edmbriga.<\/p>\n<p>PO.RO.S Museo Portugal Romano en Sic\u00f3 ocupa la antigua casa soleada de Quinta de S\u00e3o Tom\u00e9, clasificada como Valor Municipal. Aqu\u00ed el visitante tiene la oportunidad de conocer y experimentar, tridimensionalmente, una grande aventura: la \u00e9pica de la Romanizaci\u00f3n de Lusitania en general, y en particular del territorio de Sic\u00f3.<\/p>\n<p>Una docena de salas componen este museo interactivo que atrae al visitante, dej\u00e1ndolo con los sentidos despiertos. Al ingresar la sala \u201cTempos Fugit\u201d empieza el regreso al pasado, con la revisi\u00f3n de los eventos que han alterado el curso de la historia, desde los m\u00e1s recientes hasta los m\u00e1s distantes, como el 11 de septiembre, la Segunda Guerra Mundial y los Descubrimientos. En esa secuencia de episodios nos remontamos a la \u00e9poca de la fundaci\u00f3n de Roma y a la llegada de los Romanos a Pen\u00ednsula Ib\u00e9rica.<\/p>\n<p>El viaje contin\u00faa a trav\u00e9s de la sala \u201cRoma, Enge\u00f1o y Gloria\u201d, donde conocemos a los or\u00edgenes del Imperio Romano, su formaci\u00f3n e historia, y donde tampoco faltan las leyendas de este pueblo.<\/p>\n<p>A trav\u00e9s de la sala \u201cLegiones, Conquista y Poder\u201d es posible demonstrar de una manera muy juguetona la importancia del ej\u00e9rcito para la expansi\u00f3n de Roma y para la constituci\u00f3n del Imperio.<\/p>\n<p>De una habitaci\u00f3n a otra se llega a los \u201cConfines del Imperio &#8211; Las Tierras de Sic\u00f3\u201d, donde una pel\u00edcula con una recreaci\u00f3n 3D de Con\u00edmbriga ayuda a conocer la vida cotidiana de quienes vivieron aqu\u00ed.<\/p>\n<p>Mostrar c\u00f3mo la tecnolog\u00eda romana revolucion\u00f3 la reconstrucci\u00f3n de nuevas ciudades es el objetivo de la sala \u201cConstructores de Ciudades, la Urbe\u201d. Por otra parte, el espacio \u201cCivitas, el Gobierno de la Ciudad\u201d se dedica a la organizaci\u00f3n pol\u00edtica, judicial y administrativa del Imperio. Aqu\u00ed tambi\u00e9n se entiende c\u00f3mo el lat\u00edn se ha convertido en la lengua materna de varios idiomas. A trav\u00e9s de la sala \u201cAgris Econom\u00eda y Territorio\u201d queda claro la importancia del comercio en el mundo romano y de la red de carreteras para acercarse a un imperio tan vasto.<\/p>\n<p>La familia era el n\u00facleo de la vida privada de los Romanos. Aprenda sobre el lugar del esclavo, el papel de la mujer, y la importancia del matrimonio y de la sexualidad a trav\u00e9s de la sala \u201cIntimidad y la Vida Privada\u201d. En la sala \u201cDioses y Religi\u00f3n\u201d se observa una gran transformaci\u00f3n: el cambio del polite\u00edsmo al monote\u00edsmo cristiano. En exhibici\u00f3n est\u00e1 la forma como los romanos supieran adaptar las deidades locales a sus cultos. El prop\u00f3sito es claro: mostrar c\u00f3mo Roma contribuy\u00f3 a la difusi\u00f3n del cristianismo en el mundo.<\/p>\n<p>El lado m\u00e1s hedonista de la vida de estas personas emerge en la sala \u201cCarpe Diem\u201d desde una perspectiva cultural, art\u00edstica e incluso social, donde no faltan las preocupaciones cotidianas sobre la ropa y la higiene, las costumbres y las tradiciones. Un espejo interactivo permite al visitante vestirse virtualmente como un personaje de Roma.<\/p>\n<p>La salud a trav\u00e9s del agua es una m\u00e1xima que los Romanos tomaron al pie de la letra. En la sala de \u201cLos Ba\u00f1os\u201d el spa es visto como el motor de la vida social y cultural romana. El entorno de la l\u00ednea de flotaci\u00f3n preexistente en la Quinta de S. Tom\u00e9 se recrea a trav\u00e9s de juegos de luces que dan la sensaci\u00f3n de agua y vapor.<\/p>\n<p>El legado de Roma, c\u00f3mo sobrevivi\u00f3 y c\u00f3mo est\u00e1 muy presente en diferentes campos de la sociedad contempor\u00e1nea, son los temas centrales de la sala \u201cNosotros, los Romanos\u201d. Aqu\u00ed es donde se puede aprender sobre la historia de las excavaciones y la arqueolog\u00eda en Con\u00edmbriga.<\/p>\n<p>Finalmente, los visitantes est\u00e1n invitados a \u00abmostrar lo romano que existe dentro de vosotros\u00bb dejando una contribuci\u00f3n a la exposici\u00f3n.<\/p>\n\t\t\t\t\t\t<\/div>\n\t\t\t\t<\/div>\n\t\t\t\t<div class=\"elementor-element elementor-element-d298e6b elementor-arrows-position-inside elementor-pagination-position-outside elementor-widget elementor-widget-image-carousel\" data-id=\"d298e6b\" data-element_type=\"widget\" data-settings=\"{&quot;navigation&quot;:&quot;both&quot;,&quot;autoplay&quot;:&quot;yes&quot;,&quot;pause_on_hover&quot;:&quot;yes&quot;,&quot;pause_on_interaction&quot;:&quot;yes&quot;,&quot;autoplay_speed&quot;:5000,&quot;infinite&quot;:&quot;yes&quot;,&quot;speed&quot;:500,&quot;hoteller_ext_link_sidemenu&quot;:&quot;false&quot;,&quot;hoteller_ext_link_fullmenu&quot;:&quot;false&quot;,&quot;hoteller_ext_link_closed_fullmenu&quot;:&quot;false&quot;,&quot;hoteller_ext_is_scrollme&quot;:&quot;false&quot;,&quot;hoteller_ext_is_smoove&quot;:&quot;false&quot;,&quot;hoteller_ext_is_parallax_mouse&quot;:&quot;false&quot;,&quot;hoteller_ext_is_infinite&quot;:&quot;false&quot;,&quot;hoteller_ext_is_fadeout_animation&quot;:&quot;false&quot;,&quot;hoteller_ext_mobile_static&quot;:&quot;false&quot;}\" data-widget_type=\"image-carousel.default\">\n\t\t\t\t<div class=\"elementor-widget-container\">\n\t\t\t\t\t<div class=\"elementor-image-carousel-wrapper swiper\" dir=\"ltr\">\n\t\t\t<div class=\"elementor-image-carousel swiper-wrapper\" aria-live=\"off\">\n\t\t\t\t\t\t\t\t<div class=\"swiper-slide\" role=\"group\" aria-roledescription=\"slide\" aria-label=\"1 de 3\"><figure class=\"swiper-slide-inner\"><img decoding=\"async\" class=\"swiper-slide-image\" src=\"https:\/\/conimbrigahoteldopaco.pt\/wp-content\/uploads\/2019\/04\/chp_experiencias_poros.jpg\" alt=\"chp_experiencias_poros\" \/><\/figure><\/div><div class=\"swiper-slide\" role=\"group\" aria-roledescription=\"slide\" aria-label=\"2 de 3\"><figure class=\"swiper-slide-inner\"><img decoding=\"async\" class=\"swiper-slide-image\" src=\"https:\/\/conimbrigahoteldopaco.pt\/wp-content\/uploads\/2019\/05\/chp_experiencias_poros_2.jpg\" alt=\"chp_experiencias_poros_2\" \/><\/figure><\/div><div class=\"swiper-slide\" role=\"group\" aria-roledescription=\"slide\" aria-label=\"3 de 3\"><figure class=\"swiper-slide-inner\"><img decoding=\"async\" class=\"swiper-slide-image\" src=\"https:\/\/conimbrigahoteldopaco.pt\/wp-content\/uploads\/2019\/05\/chp_experiencias_poros_3.jpg\" alt=\"chp_experiencias_poros_3\" \/><\/figure><\/div>\t\t\t<\/div>\n\t\t\t\t\t\t\t\t\t\t\t\t<div class=\"elementor-swiper-button elementor-swiper-button-prev\" role=\"button\" tabindex=\"0\">\n\t\t\t\t\t\t<i aria-hidden=\"true\" class=\"eicon-chevron-left\"><\/i>\t\t\t\t\t<\/div>\n\t\t\t\t\t<div class=\"elementor-swiper-button elementor-swiper-button-next\" role=\"button\" tabindex=\"0\">\n\t\t\t\t\t\t<i aria-hidden=\"true\" class=\"eicon-chevron-right\"><\/i>\t\t\t\t\t<\/div>\n\t\t\t\t\n\t\t\t\t\t\t\t\t\t<div class=\"swiper-pagination\"><\/div>\n\t\t\t\t\t\t\t\t\t<\/div>\n\t\t\t\t<\/div>\n\t\t\t\t<\/div>\n\t\t\t\t\t<\/div>\n\t\t<\/div>\n\t\t\t\t\t<\/div>\n\t\t<\/section>\n\t\t\t\t<section class=\"elementor-section elementor-top-section elementor-element elementor-element-9864d65 elementor-section-stretched elementor-section-height-min-height elementor-section-boxed elementor-section-height-default elementor-section-items-middle\" data-id=\"9864d65\" data-element_type=\"section\" data-settings=\"{&quot;stretch_section&quot;:&quot;section-stretched&quot;,&quot;shape_divider_bottom&quot;:&quot;waves&quot;,&quot;hoteller_ext_is_background_parallax&quot;:&quot;false&quot;,&quot;hoteller_ext_is_background_on_scroll&quot;:&quot;false&quot;}\">\n\t\t\t\t\t<div class=\"elementor-shape elementor-shape-bottom\" data-negative=\"false\">\n\t\t\t<svg xmlns=\"http:\/\/www.w3.org\/2000\/svg\" viewBox=\"0 0 1000 100\" preserveAspectRatio=\"none\">\n\t<path class=\"elementor-shape-fill\" d=\"M421.9,6.5c22.6-2.5,51.5,0.4,75.5,5.3c23.6,4.9,70.9,23.5,100.5,35.7c75.8,32.2,133.7,44.5,192.6,49.7\n\tc23.6,2.1,48.7,3.5,103.4-2.5c54.7-6,106.2-25.6,106.2-25.6V0H0v30.3c0,0,72,32.6,158.4,30.5c39.2-0.7,92.8-6.7,134-22.4\n\tc21.2-8.1,52.2-18.2,79.7-24.2C399.3,7.9,411.6,7.5,421.9,6.5z\"\/>\n<\/svg>\t\t<\/div>\n\t\t\t\t\t<div class=\"elementor-container elementor-column-gap-default\">\n\t\t\t\t\t<div class=\"elementor-column elementor-col-100 elementor-top-column elementor-element elementor-element-884e6b2\" data-id=\"884e6b2\" data-element_type=\"column\" data-settings=\"{&quot;hoteller_ext_link_sidemenu&quot;:&quot;false&quot;,&quot;hoteller_ext_link_fullmenu&quot;:&quot;false&quot;,&quot;hoteller_ext_link_closed_fullmenu&quot;:&quot;false&quot;,&quot;hoteller_ext_is_scrollme&quot;:&quot;false&quot;,&quot;hoteller_ext_is_smoove&quot;:&quot;false&quot;,&quot;hoteller_ext_is_parallax_mouse&quot;:&quot;false&quot;,&quot;hoteller_ext_is_infinite&quot;:&quot;false&quot;,&quot;hoteller_ext_is_fadeout_animation&quot;:&quot;false&quot;,&quot;hoteller_ext_mobile_static&quot;:&quot;false&quot;}\">\n\t\t\t<div class=\"elementor-widget-wrap\">\n\t\t\t\t\t\t\t<\/div>\n\t\t<\/div>\n\t\t\t\t\t<\/div>\n\t\t<\/section>\n\t\t\t\t<\/div>\n\t\t","protected":false},"excerpt":{"rendered":"<p>PO.RO.S Portugal Romano em Sic\u00f3 Experiencia A pocos metros del Hotel se encuentra PO.RO.S, Museum Portugal Romano en Sic\u00f3. Es el m\u00e1s reciente equipamiento muse\u00edstico de Condeixa. Un proyecto cultural que forma parte de la ruta de romanizaci\u00f3n compuesta por [&hellip;]<\/p>\n","protected":false},"author":1,"featured_media":0,"parent":4351,"menu_order":0,"comment_status":"closed","ping_status":"closed","template":"","meta":{"footnotes":""},"class_list":["post-3037","page","type-page","status-publish","hentry"],"yoast_head":"<!-- This site is optimized with the Yoast SEO plugin v25.6 - https:\/\/yoast.com\/wordpress\/plugins\/seo\/ -->\n<title>PO.RO.S. Portugal Romano en Sic\u00f3 - Con\u00edmbriga Hotel do Pa\u00e7o<\/title>\n<meta name=\"robots\" content=\"index, follow, max-snippet:-1, max-image-preview:large, max-video-preview:-1\" \/>\n<link rel=\"canonical\" href=\"https:\/\/conimbrigahoteldopaco.pt\/es\/experiencias\/po-ro-s-portugal-romano-en-sico\/\" \/>\n<meta property=\"og:locale\" content=\"es_ES\" \/>\n<meta property=\"og:type\" content=\"article\" \/>\n<meta property=\"og:title\" content=\"PO.RO.S. Portugal Romano en Sic\u00f3 - Con\u00edmbriga Hotel do Pa\u00e7o\" \/>\n<meta property=\"og:description\" content=\"PO.RO.S Portugal Romano em Sic\u00f3 Experiencia A pocos metros del Hotel se encuentra PO.RO.S, Museum Portugal Romano en Sic\u00f3. Es el m\u00e1s reciente equipamiento muse\u00edstico de Condeixa. Un proyecto cultural que forma parte de la ruta de romanizaci\u00f3n compuesta por [&hellip;]\" \/>\n<meta property=\"og:url\" content=\"https:\/\/conimbrigahoteldopaco.pt\/es\/experiencias\/po-ro-s-portugal-romano-en-sico\/\" \/>\n<meta property=\"og:site_name\" content=\"Con\u00edmbriga Hotel do Pa\u00e7o\" \/>\n<meta property=\"article:modified_time\" content=\"2019-09-23T10:40:24+00:00\" \/>\n<meta property=\"og:image\" content=\"https:\/\/conimbrigahoteldopaco.pt\/wp-content\/uploads\/2019\/04\/chp_experiencias_poros.jpg\" \/>\n<meta name=\"twitter:card\" content=\"summary_large_image\" \/>\n<meta name=\"twitter:label1\" content=\"Tiempo de lectura\" \/>\n\t<meta name=\"twitter:data1\" content=\"4 minutos\" \/>\n<script type=\"application\/ld+json\" class=\"yoast-schema-graph\">{\"@context\":\"https:\/\/schema.org\",\"@graph\":[{\"@type\":\"WebPage\",\"@id\":\"https:\/\/conimbrigahoteldopaco.pt\/es\/experiencias\/po-ro-s-portugal-romano-en-sico\/\",\"url\":\"https:\/\/conimbrigahoteldopaco.pt\/es\/experiencias\/po-ro-s-portugal-romano-en-sico\/\",\"name\":\"PO.RO.S. Portugal Romano en Sic\u00f3 - Con\u00edmbriga Hotel do Pa\u00e7o\",\"isPartOf\":{\"@id\":\"https:\/\/conimbrigahoteldopaco.pt\/es\/#website\"},\"primaryImageOfPage\":{\"@id\":\"https:\/\/conimbrigahoteldopaco.pt\/es\/experiencias\/po-ro-s-portugal-romano-en-sico\/#primaryimage\"},\"image\":{\"@id\":\"https:\/\/conimbrigahoteldopaco.pt\/es\/experiencias\/po-ro-s-portugal-romano-en-sico\/#primaryimage\"},\"thumbnailUrl\":\"https:\/\/conimbrigahoteldopaco.pt\/wp-content\/uploads\/2019\/04\/chp_experiencias_poros.jpg\",\"datePublished\":\"2019-09-23T10:40:23+00:00\",\"dateModified\":\"2019-09-23T10:40:24+00:00\",\"breadcrumb\":{\"@id\":\"https:\/\/conimbrigahoteldopaco.pt\/es\/experiencias\/po-ro-s-portugal-romano-en-sico\/#breadcrumb\"},\"inLanguage\":\"es\",\"potentialAction\":[{\"@type\":\"ReadAction\",\"target\":[\"https:\/\/conimbrigahoteldopaco.pt\/es\/experiencias\/po-ro-s-portugal-romano-en-sico\/\"]}]},{\"@type\":\"ImageObject\",\"inLanguage\":\"es\",\"@id\":\"https:\/\/conimbrigahoteldopaco.pt\/es\/experiencias\/po-ro-s-portugal-romano-en-sico\/#primaryimage\",\"url\":\"https:\/\/conimbrigahoteldopaco.pt\/wp-content\/uploads\/2019\/04\/chp_experiencias_poros.jpg\",\"contentUrl\":\"https:\/\/conimbrigahoteldopaco.pt\/wp-content\/uploads\/2019\/04\/chp_experiencias_poros.jpg\"},{\"@type\":\"BreadcrumbList\",\"@id\":\"https:\/\/conimbrigahoteldopaco.pt\/es\/experiencias\/po-ro-s-portugal-romano-en-sico\/#breadcrumb\",\"itemListElement\":[{\"@type\":\"ListItem\",\"position\":1,\"name\":\"In\u00edcio\",\"item\":\"https:\/\/conimbrigahoteldopaco.pt\/es\/\"},{\"@type\":\"ListItem\",\"position\":2,\"name\":\"Experi\u00eancias\",\"item\":\"https:\/\/conimbrigahoteldopaco.pt\/es\/experiencias\/\"},{\"@type\":\"ListItem\",\"position\":3,\"name\":\"PO.RO.S. Portugal Romano en Sic\u00f3\"}]},{\"@type\":\"WebSite\",\"@id\":\"https:\/\/conimbrigahoteldopaco.pt\/es\/#website\",\"url\":\"https:\/\/conimbrigahoteldopaco.pt\/es\/\",\"name\":\"Con\u00edmbriga Hotel do Pa\u00e7o\",\"description\":\"Condeixa-a-Nova\",\"potentialAction\":[{\"@type\":\"SearchAction\",\"target\":{\"@type\":\"EntryPoint\",\"urlTemplate\":\"https:\/\/conimbrigahoteldopaco.pt\/es\/?s={search_term_string}\"},\"query-input\":{\"@type\":\"PropertyValueSpecification\",\"valueRequired\":true,\"valueName\":\"search_term_string\"}}],\"inLanguage\":\"es\"}]}<\/script>\n<!-- \/ Yoast SEO plugin. -->","yoast_head_json":{"title":"PO.RO.S. Portugal Romano en Sic\u00f3 - Con\u00edmbriga Hotel do Pa\u00e7o","robots":{"index":"index","follow":"follow","max-snippet":"max-snippet:-1","max-image-preview":"max-image-preview:large","max-video-preview":"max-video-preview:-1"},"canonical":"https:\/\/conimbrigahoteldopaco.pt\/es\/experiencias\/po-ro-s-portugal-romano-en-sico\/","og_locale":"es_ES","og_type":"article","og_title":"PO.RO.S. Portugal Romano en Sic\u00f3 - Con\u00edmbriga Hotel do Pa\u00e7o","og_description":"PO.RO.S Portugal Romano em Sic\u00f3 Experiencia A pocos metros del Hotel se encuentra PO.RO.S, Museum Portugal Romano en Sic\u00f3. Es el m\u00e1s reciente equipamiento muse\u00edstico de Condeixa. Un proyecto cultural que forma parte de la ruta de romanizaci\u00f3n compuesta por [&hellip;]","og_url":"https:\/\/conimbrigahoteldopaco.pt\/es\/experiencias\/po-ro-s-portugal-romano-en-sico\/","og_site_name":"Con\u00edmbriga Hotel do Pa\u00e7o","article_modified_time":"2019-09-23T10:40:24+00:00","og_image":[{"url":"https:\/\/conimbrigahoteldopaco.pt\/wp-content\/uploads\/2019\/04\/chp_experiencias_poros.jpg","type":"","width":"","height":""}],"twitter_card":"summary_large_image","twitter_misc":{"Tiempo de lectura":"4 minutos"},"schema":{"@context":"https:\/\/schema.org","@graph":[{"@type":"WebPage","@id":"https:\/\/conimbrigahoteldopaco.pt\/es\/experiencias\/po-ro-s-portugal-romano-en-sico\/","url":"https:\/\/conimbrigahoteldopaco.pt\/es\/experiencias\/po-ro-s-portugal-romano-en-sico\/","name":"PO.RO.S. Portugal Romano en Sic\u00f3 - Con\u00edmbriga Hotel do Pa\u00e7o","isPartOf":{"@id":"https:\/\/conimbrigahoteldopaco.pt\/es\/#website"},"primaryImageOfPage":{"@id":"https:\/\/conimbrigahoteldopaco.pt\/es\/experiencias\/po-ro-s-portugal-romano-en-sico\/#primaryimage"},"image":{"@id":"https:\/\/conimbrigahoteldopaco.pt\/es\/experiencias\/po-ro-s-portugal-romano-en-sico\/#primaryimage"},"thumbnailUrl":"https:\/\/conimbrigahoteldopaco.pt\/wp-content\/uploads\/2019\/04\/chp_experiencias_poros.jpg","datePublished":"2019-09-23T10:40:23+00:00","dateModified":"2019-09-23T10:40:24+00:00","breadcrumb":{"@id":"https:\/\/conimbrigahoteldopaco.pt\/es\/experiencias\/po-ro-s-portugal-romano-en-sico\/#breadcrumb"},"inLanguage":"es","potentialAction":[{"@type":"ReadAction","target":["https:\/\/conimbrigahoteldopaco.pt\/es\/experiencias\/po-ro-s-portugal-romano-en-sico\/"]}]},{"@type":"ImageObject","inLanguage":"es","@id":"https:\/\/conimbrigahoteldopaco.pt\/es\/experiencias\/po-ro-s-portugal-romano-en-sico\/#primaryimage","url":"https:\/\/conimbrigahoteldopaco.pt\/wp-content\/uploads\/2019\/04\/chp_experiencias_poros.jpg","contentUrl":"https:\/\/conimbrigahoteldopaco.pt\/wp-content\/uploads\/2019\/04\/chp_experiencias_poros.jpg"},{"@type":"BreadcrumbList","@id":"https:\/\/conimbrigahoteldopaco.pt\/es\/experiencias\/po-ro-s-portugal-romano-en-sico\/#breadcrumb","itemListElement":[{"@type":"ListItem","position":1,"name":"In\u00edcio","item":"https:\/\/conimbrigahoteldopaco.pt\/es\/"},{"@type":"ListItem","position":2,"name":"Experi\u00eancias","item":"https:\/\/conimbrigahoteldopaco.pt\/es\/experiencias\/"},{"@type":"ListItem","position":3,"name":"PO.RO.S. Portugal Romano en Sic\u00f3"}]},{"@type":"WebSite","@id":"https:\/\/conimbrigahoteldopaco.pt\/es\/#website","url":"https:\/\/conimbrigahoteldopaco.pt\/es\/","name":"Con\u00edmbriga Hotel do Pa\u00e7o","description":"Condeixa-a-Nova","potentialAction":[{"@type":"SearchAction","target":{"@type":"EntryPoint","urlTemplate":"https:\/\/conimbrigahoteldopaco.pt\/es\/?s={search_term_string}"},"query-input":{"@type":"PropertyValueSpecification","valueRequired":true,"valueName":"search_term_string"}}],"inLanguage":"es"}]}},"_links":{"self":[{"href":"https:\/\/conimbrigahoteldopaco.pt\/es\/wp-json\/wp\/v2\/pages\/3037"}],"collection":[{"href":"https:\/\/conimbrigahoteldopaco.pt\/es\/wp-json\/wp\/v2\/pages"}],"about":[{"href":"https:\/\/conimbrigahoteldopaco.pt\/es\/wp-json\/wp\/v2\/types\/page"}],"author":[{"embeddable":true,"href":"https:\/\/conimbrigahoteldopaco.pt\/es\/wp-json\/wp\/v2\/users\/1"}],"replies":[{"embeddable":true,"href":"https:\/\/conimbrigahoteldopaco.pt\/es\/wp-json\/wp\/v2\/comments?post=3037"}],"version-history":[{"count":1,"href":"https:\/\/conimbrigahoteldopaco.pt\/es\/wp-json\/wp\/v2\/pages\/3037\/revisions"}],"predecessor-version":[{"id":3045,"href":"https:\/\/conimbrigahoteldopaco.pt\/es\/wp-json\/wp\/v2\/pages\/3037\/revisions\/3045"}],"up":[{"embeddable":true,"href":"https:\/\/conimbrigahoteldopaco.pt\/es\/wp-json\/wp\/v2\/pages\/4351"}],"wp:attachment":[{"href":"https:\/\/conimbrigahoteldopaco.pt\/es\/wp-json\/wp\/v2\/media?parent=3037"}],"curies":[{"name":"wp","href":"https:\/\/api.w.org\/{rel}","templated":true}]}}