{"id":3046,"date":"2019-09-23T10:41:54","date_gmt":"2019-09-23T10:41:54","guid":{"rendered":"https:\/\/conimbrigahoteldopaco.pt\/templo-ecumenico-universalista\/"},"modified":"2019-09-23T10:41:55","modified_gmt":"2019-09-23T10:41:55","slug":"templo-ecumenico-universalista","status":"publish","type":"page","link":"https:\/\/conimbrigahoteldopaco.pt\/es\/experiencias\/templo-ecumenico-universalista\/","title":{"rendered":"Templo Ecum\u00e9nico Universalista"},"content":{"rendered":"\t\t<div data-elementor-type=\"wp-page\" data-elementor-id=\"3046\" class=\"elementor elementor-3046 elementor-2034\">\n\t\t\t\t\t\t<section class=\"elementor-section elementor-top-section elementor-element elementor-element-c230fd3 elementor-section-boxed elementor-section-height-default elementor-section-height-default\" data-id=\"c230fd3\" data-element_type=\"section\" data-settings=\"{&quot;hoteller_ext_is_background_parallax&quot;:&quot;false&quot;,&quot;hoteller_ext_is_background_on_scroll&quot;:&quot;false&quot;}\">\n\t\t\t\t\t\t<div class=\"elementor-container elementor-column-gap-default\">\n\t\t\t\t\t<div class=\"elementor-column elementor-col-100 elementor-top-column elementor-element elementor-element-1aad598\" data-id=\"1aad598\" data-element_type=\"column\" data-settings=\"{&quot;hoteller_ext_link_sidemenu&quot;:&quot;false&quot;,&quot;hoteller_ext_link_fullmenu&quot;:&quot;false&quot;,&quot;hoteller_ext_link_closed_fullmenu&quot;:&quot;false&quot;,&quot;hoteller_ext_is_scrollme&quot;:&quot;false&quot;,&quot;hoteller_ext_is_smoove&quot;:&quot;false&quot;,&quot;hoteller_ext_is_parallax_mouse&quot;:&quot;false&quot;,&quot;hoteller_ext_is_infinite&quot;:&quot;false&quot;,&quot;hoteller_ext_is_fadeout_animation&quot;:&quot;false&quot;,&quot;hoteller_ext_mobile_static&quot;:&quot;false&quot;}\">\n\t\t\t<div class=\"elementor-widget-wrap elementor-element-populated\">\n\t\t\t\t\t\t<div class=\"elementor-element elementor-element-8e1d38a elementor-invisible elementor-widget elementor-widget-heading\" data-id=\"8e1d38a\" data-element_type=\"widget\" data-settings=\"{&quot;_animation&quot;:&quot;fadeInUp&quot;,&quot;hoteller_ext_link_sidemenu&quot;:&quot;false&quot;,&quot;hoteller_ext_link_fullmenu&quot;:&quot;false&quot;,&quot;hoteller_ext_link_closed_fullmenu&quot;:&quot;false&quot;,&quot;hoteller_ext_is_scrollme&quot;:&quot;false&quot;,&quot;hoteller_ext_is_smoove&quot;:&quot;false&quot;,&quot;hoteller_ext_is_parallax_mouse&quot;:&quot;false&quot;,&quot;hoteller_ext_is_infinite&quot;:&quot;false&quot;,&quot;hoteller_ext_is_fadeout_animation&quot;:&quot;false&quot;,&quot;hoteller_ext_mobile_static&quot;:&quot;false&quot;}\" data-widget_type=\"heading.default\">\n\t\t\t\t<div class=\"elementor-widget-container\">\n\t\t\t<h1 class=\"elementor-heading-title elementor-size-default\">Templo Ecum\u00e9nico Universalista <\/h1>\t\t<\/div>\n\t\t\t\t<\/div>\n\t\t\t\t<div class=\"elementor-element elementor-element-4c7cfbb elementor-invisible elementor-widget elementor-widget-text-editor\" data-id=\"4c7cfbb\" data-element_type=\"widget\" data-settings=\"{&quot;_animation&quot;:&quot;fadeInUp&quot;,&quot;_animation_delay&quot;:400,&quot;hoteller_ext_link_sidemenu&quot;:&quot;false&quot;,&quot;hoteller_ext_link_fullmenu&quot;:&quot;false&quot;,&quot;hoteller_ext_link_closed_fullmenu&quot;:&quot;false&quot;,&quot;hoteller_ext_is_scrollme&quot;:&quot;false&quot;,&quot;hoteller_ext_is_smoove&quot;:&quot;false&quot;,&quot;hoteller_ext_is_parallax_mouse&quot;:&quot;false&quot;,&quot;hoteller_ext_is_infinite&quot;:&quot;false&quot;,&quot;hoteller_ext_is_fadeout_animation&quot;:&quot;false&quot;,&quot;hoteller_ext_mobile_static&quot;:&quot;false&quot;}\" data-widget_type=\"text-editor.default\">\n\t\t\t\t<div class=\"elementor-widget-container\">\n\t\t\t\t\t\t\t<p><strong>Experiencia<\/strong><\/p>\n\t\t\t\t\t\t<\/div>\n\t\t\t\t<\/div>\n\t\t\t\t\t<\/div>\n\t\t<\/div>\n\t\t\t\t\t<\/div>\n\t\t<\/section>\n\t\t\t\t<section class=\"elementor-section elementor-top-section elementor-element elementor-element-af73848 elementor-section-boxed elementor-section-height-default elementor-section-height-default\" data-id=\"af73848\" data-element_type=\"section\" data-settings=\"{&quot;hoteller_ext_is_background_parallax&quot;:&quot;false&quot;,&quot;hoteller_ext_is_background_on_scroll&quot;:&quot;false&quot;}\">\n\t\t\t\t\t\t<div class=\"elementor-container elementor-column-gap-default\">\n\t\t\t\t\t<div class=\"elementor-column elementor-col-100 elementor-top-column elementor-element elementor-element-d27ca97\" data-id=\"d27ca97\" data-element_type=\"column\" data-settings=\"{&quot;hoteller_ext_link_sidemenu&quot;:&quot;false&quot;,&quot;hoteller_ext_link_fullmenu&quot;:&quot;false&quot;,&quot;hoteller_ext_link_closed_fullmenu&quot;:&quot;false&quot;,&quot;hoteller_ext_is_scrollme&quot;:&quot;false&quot;,&quot;hoteller_ext_is_smoove&quot;:&quot;false&quot;,&quot;hoteller_ext_is_parallax_mouse&quot;:&quot;false&quot;,&quot;hoteller_ext_is_infinite&quot;:&quot;false&quot;,&quot;hoteller_ext_is_fadeout_animation&quot;:&quot;false&quot;,&quot;hoteller_ext_mobile_static&quot;:&quot;false&quot;}\">\n\t\t\t<div class=\"elementor-widget-wrap elementor-element-populated\">\n\t\t\t\t\t\t<div class=\"elementor-element elementor-element-cd0c7fd elementor-invisible elementor-widget elementor-widget-text-editor\" data-id=\"cd0c7fd\" data-element_type=\"widget\" data-settings=\"{&quot;_animation&quot;:&quot;fadeInUp&quot;,&quot;_animation_delay&quot;:1200,&quot;hoteller_ext_link_sidemenu&quot;:&quot;false&quot;,&quot;hoteller_ext_link_fullmenu&quot;:&quot;false&quot;,&quot;hoteller_ext_link_closed_fullmenu&quot;:&quot;false&quot;,&quot;hoteller_ext_is_scrollme&quot;:&quot;false&quot;,&quot;hoteller_ext_is_smoove&quot;:&quot;false&quot;,&quot;hoteller_ext_is_parallax_mouse&quot;:&quot;false&quot;,&quot;hoteller_ext_is_infinite&quot;:&quot;false&quot;,&quot;hoteller_ext_is_fadeout_animation&quot;:&quot;false&quot;,&quot;hoteller_ext_mobile_static&quot;:&quot;false&quot;}\" data-widget_type=\"text-editor.default\">\n\t\t\t\t<div class=\"elementor-widget-container\">\n\t\t\t\t\t\t\t<p>A 15 minutos en coche por autopista desde el Hotel se encuentra el Templo Ecum\u00e9nico Universalista. Inaugurado el 11 de septiembre de 2016, es un Templo dise\u00f1ado para la reflexi\u00f3n espiritual de personas de diferentes religiones, abierto tambi\u00e9n a los no creyentes, promoviendo valores fundamentales de la humanidad y religiones como la Verdad, la Bondad y la Moralidad.<\/p>\n<p>El Templo enfatiza la tolerancia y el respeto por lo diferente. Representa la creaci\u00f3n de la humanidad por el Homo Sapiens, inventor de la espiritualidad, la hermandad y la b\u00fasqueda de la verdad.<\/p>\n<p>El Templo es un monumento dedicado a la Paz, que honra a las v\u00edctimas del fundamentalismo y de la intolerancia religiosa.<\/p>\n<p>Forma parte de un Observatorio de Religiones que tiene a disposici\u00f3n del visitante hechos, datos cronol\u00f3gicos e informaci\u00f3n sobre la historia y la evoluci\u00f3n de los 15 puntos de vista religiosos m\u00e1s importantes. Tiene un \u00e1rea dedicada a la intolerancia y a los conflictos basados en la diferencia religiosa.<\/p>\n<p>Se\u00f1alamos que el proyecto del Parque Biol\u00f3gico Serra da Lous\u00e3 \/ Templo Universalista fue elegido en 2014 para representar a Portugal en el Premio Internacional de la UNESCO MADANJEE SINNGH por la promoci\u00f3n de la tolerancia y la no violencia.<\/p>\n\t\t\t\t\t\t<\/div>\n\t\t\t\t<\/div>\n\t\t\t\t<div class=\"elementor-element elementor-element-20eb11af stellar elementor-invisible elementor-widget elementor-widget-image\" data-id=\"20eb11af\" data-element_type=\"widget\" data-settings=\"{&quot;_animation&quot;:&quot;fadeIn&quot;,&quot;hoteller_image_is_animation&quot;:&quot;false&quot;,&quot;hoteller_ext_link_sidemenu&quot;:&quot;false&quot;,&quot;hoteller_ext_link_fullmenu&quot;:&quot;false&quot;,&quot;hoteller_ext_link_closed_fullmenu&quot;:&quot;false&quot;,&quot;hoteller_ext_is_scrollme&quot;:&quot;false&quot;,&quot;hoteller_ext_is_smoove&quot;:&quot;false&quot;,&quot;hoteller_ext_is_parallax_mouse&quot;:&quot;false&quot;,&quot;hoteller_ext_is_infinite&quot;:&quot;false&quot;,&quot;hoteller_ext_is_fadeout_animation&quot;:&quot;false&quot;,&quot;hoteller_ext_mobile_static&quot;:&quot;false&quot;}\" data-widget_type=\"image.default\">\n\t\t\t\t<div class=\"elementor-widget-container\">\n\t\t\t\t\t\t\t\t\t\t\t\t\t<img fetchpriority=\"high\" decoding=\"async\" width=\"1920\" height=\"1280\" src=\"https:\/\/conimbrigahoteldopaco.pt\/wp-content\/uploads\/2019\/05\/chp_experiencias_temploecumenico_1.jpg\" class=\"attachment-full size-full wp-image-3047\" alt=\"\" srcset=\"https:\/\/conimbrigahoteldopaco.pt\/wp-content\/uploads\/2019\/05\/chp_experiencias_temploecumenico_1.jpg 1920w, https:\/\/conimbrigahoteldopaco.pt\/wp-content\/uploads\/2019\/05\/chp_experiencias_temploecumenico_1-300x200.jpg 300w, https:\/\/conimbrigahoteldopaco.pt\/wp-content\/uploads\/2019\/05\/chp_experiencias_temploecumenico_1-768x512.jpg 768w, https:\/\/conimbrigahoteldopaco.pt\/wp-content\/uploads\/2019\/05\/chp_experiencias_temploecumenico_1-1024x683.jpg 1024w, https:\/\/conimbrigahoteldopaco.pt\/wp-content\/uploads\/2019\/05\/chp_experiencias_temploecumenico_1-700x466.jpg 700w, https:\/\/conimbrigahoteldopaco.pt\/wp-content\/uploads\/2019\/05\/chp_experiencias_temploecumenico_1-440x293.jpg 440w, https:\/\/conimbrigahoteldopaco.pt\/wp-content\/uploads\/2019\/05\/chp_experiencias_temploecumenico_1-600x400.jpg 600w\" sizes=\"(max-width: 1920px) 100vw, 1920px\" \/>\t\t\t\t\t\t\t\t\t\t\t\t\t<\/div>\n\t\t\t\t<\/div>\n\t\t\t\t\t<\/div>\n\t\t<\/div>\n\t\t\t\t\t<\/div>\n\t\t<\/section>\n\t\t\t\t<section class=\"elementor-section elementor-top-section elementor-element elementor-element-9864d65 elementor-section-stretched elementor-section-height-min-height elementor-section-boxed elementor-section-height-default elementor-section-items-middle\" data-id=\"9864d65\" data-element_type=\"section\" data-settings=\"{&quot;stretch_section&quot;:&quot;section-stretched&quot;,&quot;shape_divider_bottom&quot;:&quot;waves&quot;,&quot;hoteller_ext_is_background_parallax&quot;:&quot;false&quot;,&quot;hoteller_ext_is_background_on_scroll&quot;:&quot;false&quot;}\">\n\t\t\t\t\t<div class=\"elementor-shape elementor-shape-bottom\" data-negative=\"false\">\n\t\t\t<svg xmlns=\"http:\/\/www.w3.org\/2000\/svg\" viewBox=\"0 0 1000 100\" preserveAspectRatio=\"none\">\n\t<path class=\"elementor-shape-fill\" d=\"M421.9,6.5c22.6-2.5,51.5,0.4,75.5,5.3c23.6,4.9,70.9,23.5,100.5,35.7c75.8,32.2,133.7,44.5,192.6,49.7\n\tc23.6,2.1,48.7,3.5,103.4-2.5c54.7-6,106.2-25.6,106.2-25.6V0H0v30.3c0,0,72,32.6,158.4,30.5c39.2-0.7,92.8-6.7,134-22.4\n\tc21.2-8.1,52.2-18.2,79.7-24.2C399.3,7.9,411.6,7.5,421.9,6.5z\"\/>\n<\/svg>\t\t<\/div>\n\t\t\t\t\t<div class=\"elementor-container elementor-column-gap-default\">\n\t\t\t\t\t<div class=\"elementor-column elementor-col-100 elementor-top-column elementor-element elementor-element-884e6b2\" data-id=\"884e6b2\" data-element_type=\"column\" data-settings=\"{&quot;hoteller_ext_link_sidemenu&quot;:&quot;false&quot;,&quot;hoteller_ext_link_fullmenu&quot;:&quot;false&quot;,&quot;hoteller_ext_link_closed_fullmenu&quot;:&quot;false&quot;,&quot;hoteller_ext_is_scrollme&quot;:&quot;false&quot;,&quot;hoteller_ext_is_smoove&quot;:&quot;false&quot;,&quot;hoteller_ext_is_parallax_mouse&quot;:&quot;false&quot;,&quot;hoteller_ext_is_infinite&quot;:&quot;false&quot;,&quot;hoteller_ext_is_fadeout_animation&quot;:&quot;false&quot;,&quot;hoteller_ext_mobile_static&quot;:&quot;false&quot;}\">\n\t\t\t<div class=\"elementor-widget-wrap\">\n\t\t\t\t\t\t\t<\/div>\n\t\t<\/div>\n\t\t\t\t\t<\/div>\n\t\t<\/section>\n\t\t\t\t<\/div>\n\t\t","protected":false},"excerpt":{"rendered":"<p>Templo Ecum\u00e9nico Universalista Experiencia A 15 minutos en coche por autopista desde el Hotel se encuentra el Templo Ecum\u00e9nico Universalista. Inaugurado el 11 de septiembre de 2016, es un Templo dise\u00f1ado para la reflexi\u00f3n espiritual de personas de diferentes religiones, [&hellip;]<\/p>\n","protected":false},"author":1,"featured_media":0,"parent":4351,"menu_order":0,"comment_status":"closed","ping_status":"closed","template":"","meta":{"footnotes":""},"class_list":["post-3046","page","type-page","status-publish","hentry"],"yoast_head":"<!-- This site is optimized with the Yoast SEO plugin v25.6 - https:\/\/yoast.com\/wordpress\/plugins\/seo\/ -->\n<title>Templo Ecum\u00e9nico Universalista - Con\u00edmbriga Hotel do Pa\u00e7o<\/title>\n<meta name=\"robots\" content=\"index, follow, max-snippet:-1, max-image-preview:large, max-video-preview:-1\" \/>\n<link rel=\"canonical\" href=\"https:\/\/conimbrigahoteldopaco.pt\/es\/experiencias\/templo-ecumenico-universalista\/\" \/>\n<meta property=\"og:locale\" content=\"es_ES\" \/>\n<meta property=\"og:type\" content=\"article\" \/>\n<meta property=\"og:title\" content=\"Templo Ecum\u00e9nico Universalista - Con\u00edmbriga Hotel do Pa\u00e7o\" \/>\n<meta property=\"og:description\" content=\"Templo Ecum\u00e9nico Universalista Experiencia A 15 minutos en coche por autopista desde el Hotel se encuentra el Templo Ecum\u00e9nico Universalista. Inaugurado el 11 de septiembre de 2016, es un Templo dise\u00f1ado para la reflexi\u00f3n espiritual de personas de diferentes religiones, [&hellip;]\" \/>\n<meta property=\"og:url\" content=\"https:\/\/conimbrigahoteldopaco.pt\/es\/experiencias\/templo-ecumenico-universalista\/\" \/>\n<meta property=\"og:site_name\" content=\"Con\u00edmbriga Hotel do Pa\u00e7o\" \/>\n<meta property=\"article:modified_time\" content=\"2019-09-23T10:41:55+00:00\" \/>\n<meta property=\"og:image\" content=\"https:\/\/conimbrigahoteldopaco.pt\/wp-content\/uploads\/2019\/05\/chp_experiencias_temploecumenico_1.jpg\" \/>\n<meta name=\"twitter:card\" content=\"summary_large_image\" \/>\n<meta name=\"twitter:label1\" content=\"Tiempo de lectura\" \/>\n\t<meta name=\"twitter:data1\" content=\"1 minuto\" \/>\n<script type=\"application\/ld+json\" class=\"yoast-schema-graph\">{\"@context\":\"https:\/\/schema.org\",\"@graph\":[{\"@type\":\"WebPage\",\"@id\":\"https:\/\/conimbrigahoteldopaco.pt\/es\/experiencias\/templo-ecumenico-universalista\/\",\"url\":\"https:\/\/conimbrigahoteldopaco.pt\/es\/experiencias\/templo-ecumenico-universalista\/\",\"name\":\"Templo Ecum\u00e9nico Universalista - Con\u00edmbriga Hotel do Pa\u00e7o\",\"isPartOf\":{\"@id\":\"https:\/\/conimbrigahoteldopaco.pt\/es\/#website\"},\"primaryImageOfPage\":{\"@id\":\"https:\/\/conimbrigahoteldopaco.pt\/es\/experiencias\/templo-ecumenico-universalista\/#primaryimage\"},\"image\":{\"@id\":\"https:\/\/conimbrigahoteldopaco.pt\/es\/experiencias\/templo-ecumenico-universalista\/#primaryimage\"},\"thumbnailUrl\":\"https:\/\/conimbrigahoteldopaco.pt\/wp-content\/uploads\/2019\/05\/chp_experiencias_temploecumenico_1.jpg\",\"datePublished\":\"2019-09-23T10:41:54+00:00\",\"dateModified\":\"2019-09-23T10:41:55+00:00\",\"breadcrumb\":{\"@id\":\"https:\/\/conimbrigahoteldopaco.pt\/es\/experiencias\/templo-ecumenico-universalista\/#breadcrumb\"},\"inLanguage\":\"es\",\"potentialAction\":[{\"@type\":\"ReadAction\",\"target\":[\"https:\/\/conimbrigahoteldopaco.pt\/es\/experiencias\/templo-ecumenico-universalista\/\"]}]},{\"@type\":\"ImageObject\",\"inLanguage\":\"es\",\"@id\":\"https:\/\/conimbrigahoteldopaco.pt\/es\/experiencias\/templo-ecumenico-universalista\/#primaryimage\",\"url\":\"https:\/\/conimbrigahoteldopaco.pt\/wp-content\/uploads\/2019\/05\/chp_experiencias_temploecumenico_1.jpg\",\"contentUrl\":\"https:\/\/conimbrigahoteldopaco.pt\/wp-content\/uploads\/2019\/05\/chp_experiencias_temploecumenico_1.jpg\"},{\"@type\":\"BreadcrumbList\",\"@id\":\"https:\/\/conimbrigahoteldopaco.pt\/es\/experiencias\/templo-ecumenico-universalista\/#breadcrumb\",\"itemListElement\":[{\"@type\":\"ListItem\",\"position\":1,\"name\":\"In\u00edcio\",\"item\":\"https:\/\/conimbrigahoteldopaco.pt\/es\/\"},{\"@type\":\"ListItem\",\"position\":2,\"name\":\"Experi\u00eancias\",\"item\":\"https:\/\/conimbrigahoteldopaco.pt\/es\/experiencias\/\"},{\"@type\":\"ListItem\",\"position\":3,\"name\":\"Templo Ecum\u00e9nico Universalista\"}]},{\"@type\":\"WebSite\",\"@id\":\"https:\/\/conimbrigahoteldopaco.pt\/es\/#website\",\"url\":\"https:\/\/conimbrigahoteldopaco.pt\/es\/\",\"name\":\"Con\u00edmbriga Hotel do Pa\u00e7o\",\"description\":\"Condeixa-a-Nova\",\"potentialAction\":[{\"@type\":\"SearchAction\",\"target\":{\"@type\":\"EntryPoint\",\"urlTemplate\":\"https:\/\/conimbrigahoteldopaco.pt\/es\/?s={search_term_string}\"},\"query-input\":{\"@type\":\"PropertyValueSpecification\",\"valueRequired\":true,\"valueName\":\"search_term_string\"}}],\"inLanguage\":\"es\"}]}<\/script>\n<!-- \/ Yoast SEO plugin. -->","yoast_head_json":{"title":"Templo Ecum\u00e9nico Universalista - Con\u00edmbriga Hotel do Pa\u00e7o","robots":{"index":"index","follow":"follow","max-snippet":"max-snippet:-1","max-image-preview":"max-image-preview:large","max-video-preview":"max-video-preview:-1"},"canonical":"https:\/\/conimbrigahoteldopaco.pt\/es\/experiencias\/templo-ecumenico-universalista\/","og_locale":"es_ES","og_type":"article","og_title":"Templo Ecum\u00e9nico Universalista - Con\u00edmbriga Hotel do Pa\u00e7o","og_description":"Templo Ecum\u00e9nico Universalista Experiencia A 15 minutos en coche por autopista desde el Hotel se encuentra el Templo Ecum\u00e9nico Universalista. Inaugurado el 11 de septiembre de 2016, es un Templo dise\u00f1ado para la reflexi\u00f3n espiritual de personas de diferentes religiones, [&hellip;]","og_url":"https:\/\/conimbrigahoteldopaco.pt\/es\/experiencias\/templo-ecumenico-universalista\/","og_site_name":"Con\u00edmbriga Hotel do Pa\u00e7o","article_modified_time":"2019-09-23T10:41:55+00:00","og_image":[{"url":"https:\/\/conimbrigahoteldopaco.pt\/wp-content\/uploads\/2019\/05\/chp_experiencias_temploecumenico_1.jpg","type":"","width":"","height":""}],"twitter_card":"summary_large_image","twitter_misc":{"Tiempo de lectura":"1 minuto"},"schema":{"@context":"https:\/\/schema.org","@graph":[{"@type":"WebPage","@id":"https:\/\/conimbrigahoteldopaco.pt\/es\/experiencias\/templo-ecumenico-universalista\/","url":"https:\/\/conimbrigahoteldopaco.pt\/es\/experiencias\/templo-ecumenico-universalista\/","name":"Templo Ecum\u00e9nico Universalista - Con\u00edmbriga Hotel do Pa\u00e7o","isPartOf":{"@id":"https:\/\/conimbrigahoteldopaco.pt\/es\/#website"},"primaryImageOfPage":{"@id":"https:\/\/conimbrigahoteldopaco.pt\/es\/experiencias\/templo-ecumenico-universalista\/#primaryimage"},"image":{"@id":"https:\/\/conimbrigahoteldopaco.pt\/es\/experiencias\/templo-ecumenico-universalista\/#primaryimage"},"thumbnailUrl":"https:\/\/conimbrigahoteldopaco.pt\/wp-content\/uploads\/2019\/05\/chp_experiencias_temploecumenico_1.jpg","datePublished":"2019-09-23T10:41:54+00:00","dateModified":"2019-09-23T10:41:55+00:00","breadcrumb":{"@id":"https:\/\/conimbrigahoteldopaco.pt\/es\/experiencias\/templo-ecumenico-universalista\/#breadcrumb"},"inLanguage":"es","potentialAction":[{"@type":"ReadAction","target":["https:\/\/conimbrigahoteldopaco.pt\/es\/experiencias\/templo-ecumenico-universalista\/"]}]},{"@type":"ImageObject","inLanguage":"es","@id":"https:\/\/conimbrigahoteldopaco.pt\/es\/experiencias\/templo-ecumenico-universalista\/#primaryimage","url":"https:\/\/conimbrigahoteldopaco.pt\/wp-content\/uploads\/2019\/05\/chp_experiencias_temploecumenico_1.jpg","contentUrl":"https:\/\/conimbrigahoteldopaco.pt\/wp-content\/uploads\/2019\/05\/chp_experiencias_temploecumenico_1.jpg"},{"@type":"BreadcrumbList","@id":"https:\/\/conimbrigahoteldopaco.pt\/es\/experiencias\/templo-ecumenico-universalista\/#breadcrumb","itemListElement":[{"@type":"ListItem","position":1,"name":"In\u00edcio","item":"https:\/\/conimbrigahoteldopaco.pt\/es\/"},{"@type":"ListItem","position":2,"name":"Experi\u00eancias","item":"https:\/\/conimbrigahoteldopaco.pt\/es\/experiencias\/"},{"@type":"ListItem","position":3,"name":"Templo Ecum\u00e9nico Universalista"}]},{"@type":"WebSite","@id":"https:\/\/conimbrigahoteldopaco.pt\/es\/#website","url":"https:\/\/conimbrigahoteldopaco.pt\/es\/","name":"Con\u00edmbriga Hotel do Pa\u00e7o","description":"Condeixa-a-Nova","potentialAction":[{"@type":"SearchAction","target":{"@type":"EntryPoint","urlTemplate":"https:\/\/conimbrigahoteldopaco.pt\/es\/?s={search_term_string}"},"query-input":{"@type":"PropertyValueSpecification","valueRequired":true,"valueName":"search_term_string"}}],"inLanguage":"es"}]}},"_links":{"self":[{"href":"https:\/\/conimbrigahoteldopaco.pt\/es\/wp-json\/wp\/v2\/pages\/3046"}],"collection":[{"href":"https:\/\/conimbrigahoteldopaco.pt\/es\/wp-json\/wp\/v2\/pages"}],"about":[{"href":"https:\/\/conimbrigahoteldopaco.pt\/es\/wp-json\/wp\/v2\/types\/page"}],"author":[{"embeddable":true,"href":"https:\/\/conimbrigahoteldopaco.pt\/es\/wp-json\/wp\/v2\/users\/1"}],"replies":[{"embeddable":true,"href":"https:\/\/conimbrigahoteldopaco.pt\/es\/wp-json\/wp\/v2\/comments?post=3046"}],"version-history":[{"count":1,"href":"https:\/\/conimbrigahoteldopaco.pt\/es\/wp-json\/wp\/v2\/pages\/3046\/revisions"}],"predecessor-version":[{"id":3050,"href":"https:\/\/conimbrigahoteldopaco.pt\/es\/wp-json\/wp\/v2\/pages\/3046\/revisions\/3050"}],"up":[{"embeddable":true,"href":"https:\/\/conimbrigahoteldopaco.pt\/es\/wp-json\/wp\/v2\/pages\/4351"}],"wp:attachment":[{"href":"https:\/\/conimbrigahoteldopaco.pt\/es\/wp-json\/wp\/v2\/media?parent=3046"}],"curies":[{"name":"wp","href":"https:\/\/api.w.org\/{rel}","templated":true}]}}