{"id":3071,"date":"2019-09-23T10:57:17","date_gmt":"2019-09-23T10:57:17","guid":{"rendered":"https:\/\/conimbrigahoteldopaco.pt\/parque-biologico-serra-da-lousa\/"},"modified":"2019-09-23T10:57:17","modified_gmt":"2019-09-23T10:57:17","slug":"parque-biologico-serra-da-lousa","status":"publish","type":"page","link":"https:\/\/conimbrigahoteldopaco.pt\/es\/experiencias\/parque-biologico-serra-da-lousa\/","title":{"rendered":"Parque Biol\u00f3gico Serra da Lous\u00e3"},"content":{"rendered":"\t\t<div data-elementor-type=\"wp-page\" data-elementor-id=\"3071\" class=\"elementor elementor-3071 elementor-2029\">\n\t\t\t\t\t\t<section class=\"elementor-section elementor-top-section elementor-element elementor-element-c230fd3 elementor-section-boxed elementor-section-height-default elementor-section-height-default\" data-id=\"c230fd3\" data-element_type=\"section\" data-settings=\"{&quot;hoteller_ext_is_background_parallax&quot;:&quot;false&quot;,&quot;hoteller_ext_is_background_on_scroll&quot;:&quot;false&quot;}\">\n\t\t\t\t\t\t<div class=\"elementor-container elementor-column-gap-default\">\n\t\t\t\t\t<div class=\"elementor-column elementor-col-100 elementor-top-column elementor-element elementor-element-1aad598\" data-id=\"1aad598\" data-element_type=\"column\" data-settings=\"{&quot;hoteller_ext_link_sidemenu&quot;:&quot;false&quot;,&quot;hoteller_ext_link_fullmenu&quot;:&quot;false&quot;,&quot;hoteller_ext_link_closed_fullmenu&quot;:&quot;false&quot;,&quot;hoteller_ext_is_scrollme&quot;:&quot;false&quot;,&quot;hoteller_ext_is_smoove&quot;:&quot;false&quot;,&quot;hoteller_ext_is_parallax_mouse&quot;:&quot;false&quot;,&quot;hoteller_ext_is_infinite&quot;:&quot;false&quot;,&quot;hoteller_ext_is_fadeout_animation&quot;:&quot;false&quot;,&quot;hoteller_ext_mobile_static&quot;:&quot;false&quot;}\">\n\t\t\t<div class=\"elementor-widget-wrap elementor-element-populated\">\n\t\t\t\t\t\t<div class=\"elementor-element elementor-element-8e1d38a elementor-invisible elementor-widget elementor-widget-heading\" data-id=\"8e1d38a\" data-element_type=\"widget\" data-settings=\"{&quot;_animation&quot;:&quot;fadeInUp&quot;,&quot;hoteller_ext_link_sidemenu&quot;:&quot;false&quot;,&quot;hoteller_ext_link_fullmenu&quot;:&quot;false&quot;,&quot;hoteller_ext_link_closed_fullmenu&quot;:&quot;false&quot;,&quot;hoteller_ext_is_scrollme&quot;:&quot;false&quot;,&quot;hoteller_ext_is_smoove&quot;:&quot;false&quot;,&quot;hoteller_ext_is_parallax_mouse&quot;:&quot;false&quot;,&quot;hoteller_ext_is_infinite&quot;:&quot;false&quot;,&quot;hoteller_ext_is_fadeout_animation&quot;:&quot;false&quot;,&quot;hoteller_ext_mobile_static&quot;:&quot;false&quot;}\" data-widget_type=\"heading.default\">\n\t\t\t\t<div class=\"elementor-widget-container\">\n\t\t\t<h1 class=\"elementor-heading-title elementor-size-default\">Parque Biol\u00f3gico Serra da Lous\u00e3 <\/h1>\t\t<\/div>\n\t\t\t\t<\/div>\n\t\t\t\t<div class=\"elementor-element elementor-element-4c7cfbb elementor-invisible elementor-widget elementor-widget-text-editor\" data-id=\"4c7cfbb\" data-element_type=\"widget\" data-settings=\"{&quot;_animation&quot;:&quot;fadeInUp&quot;,&quot;_animation_delay&quot;:400,&quot;hoteller_ext_link_sidemenu&quot;:&quot;false&quot;,&quot;hoteller_ext_link_fullmenu&quot;:&quot;false&quot;,&quot;hoteller_ext_link_closed_fullmenu&quot;:&quot;false&quot;,&quot;hoteller_ext_is_scrollme&quot;:&quot;false&quot;,&quot;hoteller_ext_is_smoove&quot;:&quot;false&quot;,&quot;hoteller_ext_is_parallax_mouse&quot;:&quot;false&quot;,&quot;hoteller_ext_is_infinite&quot;:&quot;false&quot;,&quot;hoteller_ext_is_fadeout_animation&quot;:&quot;false&quot;,&quot;hoteller_ext_mobile_static&quot;:&quot;false&quot;}\" data-widget_type=\"text-editor.default\">\n\t\t\t\t<div class=\"elementor-widget-container\">\n\t\t\t\t\t\t\t<p><strong>Experiencia<\/strong><\/p>\n\t\t\t\t\t\t<\/div>\n\t\t\t\t<\/div>\n\t\t\t\t\t<\/div>\n\t\t<\/div>\n\t\t\t\t\t<\/div>\n\t\t<\/section>\n\t\t\t\t<section class=\"elementor-section elementor-top-section elementor-element elementor-element-af73848 elementor-section-boxed elementor-section-height-default elementor-section-height-default\" data-id=\"af73848\" data-element_type=\"section\" data-settings=\"{&quot;hoteller_ext_is_background_parallax&quot;:&quot;false&quot;,&quot;hoteller_ext_is_background_on_scroll&quot;:&quot;false&quot;}\">\n\t\t\t\t\t\t<div class=\"elementor-container elementor-column-gap-default\">\n\t\t\t\t\t<div class=\"elementor-column elementor-col-100 elementor-top-column elementor-element elementor-element-d27ca97\" data-id=\"d27ca97\" data-element_type=\"column\" data-settings=\"{&quot;hoteller_ext_link_sidemenu&quot;:&quot;false&quot;,&quot;hoteller_ext_link_fullmenu&quot;:&quot;false&quot;,&quot;hoteller_ext_link_closed_fullmenu&quot;:&quot;false&quot;,&quot;hoteller_ext_is_scrollme&quot;:&quot;false&quot;,&quot;hoteller_ext_is_smoove&quot;:&quot;false&quot;,&quot;hoteller_ext_is_parallax_mouse&quot;:&quot;false&quot;,&quot;hoteller_ext_is_infinite&quot;:&quot;false&quot;,&quot;hoteller_ext_is_fadeout_animation&quot;:&quot;false&quot;,&quot;hoteller_ext_mobile_static&quot;:&quot;false&quot;}\">\n\t\t\t<div class=\"elementor-widget-wrap elementor-element-populated\">\n\t\t\t\t\t\t<div class=\"elementor-element elementor-element-cd0c7fd elementor-invisible elementor-widget elementor-widget-text-editor\" data-id=\"cd0c7fd\" data-element_type=\"widget\" data-settings=\"{&quot;_animation&quot;:&quot;fadeInUp&quot;,&quot;_animation_delay&quot;:1200,&quot;hoteller_ext_link_sidemenu&quot;:&quot;false&quot;,&quot;hoteller_ext_link_fullmenu&quot;:&quot;false&quot;,&quot;hoteller_ext_link_closed_fullmenu&quot;:&quot;false&quot;,&quot;hoteller_ext_is_scrollme&quot;:&quot;false&quot;,&quot;hoteller_ext_is_smoove&quot;:&quot;false&quot;,&quot;hoteller_ext_is_parallax_mouse&quot;:&quot;false&quot;,&quot;hoteller_ext_is_infinite&quot;:&quot;false&quot;,&quot;hoteller_ext_is_fadeout_animation&quot;:&quot;false&quot;,&quot;hoteller_ext_mobile_static&quot;:&quot;false&quot;}\" data-widget_type=\"text-editor.default\">\n\t\t\t\t<div class=\"elementor-widget-container\">\n\t\t\t\t\t\t\t<p>A 15 minutos por autopista desde el Hotel se encuentra el Parque Biol\u00f3gico Serra da Lous\u00e3, ideal para familias. Con el objetivo de privilegiar y ayudar en la conservaci\u00f3n de las especies que habitan o habitaron en el territorio portugu\u00e9s, el Parque Biol\u00f3gico es la muestra m\u00e1s grande de fauna salvaje de Portugal. Situado en la ladera de la Serra da Lous\u00e3, ocupa un \u00e1rea de 33 000 m2 de Reserva Ecol\u00f3gica Nacional.<\/p>\n<p>A lo largo del paseo por los senderos del Parque Biol\u00f3gico encontrar\u00e1 diversas especies de fauna y flora. En el caso de la fauna, se pueden observar varias especies de aves rapaces (\u00e1guilas, b\u00fahos, entre otros), osos pardos (actualmente extintos en Portugal), linces, lobos, zorros, jabal\u00edes, pero tambi\u00e9n se pueden observar varios herb\u00edvoros como gamos, ciervos, corzos, cabras, entre muchos otros animales. Durante el camino puede descansar a la sombra de casta\u00f1os, robles, madro\u00f1os, as\u00ed como otras especies de flora existente en nuestros bosques y selvas.<\/p>\n<p>El Parque Biol\u00f3gico Serra da Lous\u00e3 tiene como objetivo promover la biofilia y crear conciencia en sus visitantes, desde la comunidad escolar hasta el p\u00fablico en general, de la biodiversidad que existe en nuestro pa\u00eds y los factores que amenazan a su supervivencia.<\/p>\n<p>Para todos los animales que viven en el Parque Biol\u00f3gico, los t\u00e9cnicos crean un h\u00e1bitat con todas las caracter\u00edsticas y est\u00edmulos esenciales para proporcionar bienestar f\u00edsico y emocional, satisfaciendo sus gustos y necesidades. Para mejorar cada vez m\u00e1s la calidad de vida de estas especies, el Parque Biol\u00f3gico tiene varias asociaciones con entidades, universidades y polit\u00e9cnicos.<\/p>\n\t\t\t\t\t\t<\/div>\n\t\t\t\t<\/div>\n\t\t\t\t<div class=\"elementor-element elementor-element-c148ed5 elementor-arrows-position-inside elementor-pagination-position-outside elementor-widget elementor-widget-image-carousel\" data-id=\"c148ed5\" data-element_type=\"widget\" data-settings=\"{&quot;navigation&quot;:&quot;both&quot;,&quot;autoplay&quot;:&quot;yes&quot;,&quot;pause_on_hover&quot;:&quot;yes&quot;,&quot;pause_on_interaction&quot;:&quot;yes&quot;,&quot;autoplay_speed&quot;:5000,&quot;infinite&quot;:&quot;yes&quot;,&quot;speed&quot;:500,&quot;hoteller_ext_link_sidemenu&quot;:&quot;false&quot;,&quot;hoteller_ext_link_fullmenu&quot;:&quot;false&quot;,&quot;hoteller_ext_link_closed_fullmenu&quot;:&quot;false&quot;,&quot;hoteller_ext_is_scrollme&quot;:&quot;false&quot;,&quot;hoteller_ext_is_smoove&quot;:&quot;false&quot;,&quot;hoteller_ext_is_parallax_mouse&quot;:&quot;false&quot;,&quot;hoteller_ext_is_infinite&quot;:&quot;false&quot;,&quot;hoteller_ext_is_fadeout_animation&quot;:&quot;false&quot;,&quot;hoteller_ext_mobile_static&quot;:&quot;false&quot;}\" data-widget_type=\"image-carousel.default\">\n\t\t\t\t<div class=\"elementor-widget-container\">\n\t\t\t\t\t<div class=\"elementor-image-carousel-wrapper swiper\" dir=\"ltr\">\n\t\t\t<div class=\"elementor-image-carousel swiper-wrapper\" aria-live=\"off\">\n\t\t\t\t\t\t\t\t<div class=\"swiper-slide\" role=\"group\" aria-roledescription=\"slide\" aria-label=\"1 de 2\"><figure class=\"swiper-slide-inner\"><img decoding=\"async\" class=\"swiper-slide-image\" src=\"https:\/\/conimbrigahoteldopaco.pt\/wp-content\/uploads\/2019\/05\/chp_experiencias_pqbioserralousa_1.jpg\" alt=\"chp_experiencias_pqbioserralousa_1\" \/><\/figure><\/div><div class=\"swiper-slide\" role=\"group\" aria-roledescription=\"slide\" aria-label=\"2 de 2\"><figure class=\"swiper-slide-inner\"><img decoding=\"async\" class=\"swiper-slide-image\" src=\"https:\/\/conimbrigahoteldopaco.pt\/wp-content\/uploads\/2019\/05\/chp_experiencias_pqbioserralousa_temp.jpg\" alt=\"chp_experiencias_pqbioserralousa_temp\" \/><\/figure><\/div>\t\t\t<\/div>\n\t\t\t\t\t\t\t\t\t\t\t\t<div class=\"elementor-swiper-button elementor-swiper-button-prev\" role=\"button\" tabindex=\"0\">\n\t\t\t\t\t\t<i aria-hidden=\"true\" class=\"eicon-chevron-left\"><\/i>\t\t\t\t\t<\/div>\n\t\t\t\t\t<div class=\"elementor-swiper-button elementor-swiper-button-next\" role=\"button\" tabindex=\"0\">\n\t\t\t\t\t\t<i aria-hidden=\"true\" class=\"eicon-chevron-right\"><\/i>\t\t\t\t\t<\/div>\n\t\t\t\t\n\t\t\t\t\t\t\t\t\t<div class=\"swiper-pagination\"><\/div>\n\t\t\t\t\t\t\t\t\t<\/div>\n\t\t\t\t<\/div>\n\t\t\t\t<\/div>\n\t\t\t\t\t<\/div>\n\t\t<\/div>\n\t\t\t\t\t<\/div>\n\t\t<\/section>\n\t\t\t\t<section class=\"elementor-section elementor-top-section elementor-element elementor-element-9864d65 elementor-section-stretched elementor-section-height-min-height elementor-section-boxed elementor-section-height-default elementor-section-items-middle\" data-id=\"9864d65\" data-element_type=\"section\" data-settings=\"{&quot;stretch_section&quot;:&quot;section-stretched&quot;,&quot;shape_divider_bottom&quot;:&quot;waves&quot;,&quot;hoteller_ext_is_background_parallax&quot;:&quot;false&quot;,&quot;hoteller_ext_is_background_on_scroll&quot;:&quot;false&quot;}\">\n\t\t\t\t\t<div class=\"elementor-shape elementor-shape-bottom\" data-negative=\"false\">\n\t\t\t<svg xmlns=\"http:\/\/www.w3.org\/2000\/svg\" viewBox=\"0 0 1000 100\" preserveAspectRatio=\"none\">\n\t<path class=\"elementor-shape-fill\" d=\"M421.9,6.5c22.6-2.5,51.5,0.4,75.5,5.3c23.6,4.9,70.9,23.5,100.5,35.7c75.8,32.2,133.7,44.5,192.6,49.7\n\tc23.6,2.1,48.7,3.5,103.4-2.5c54.7-6,106.2-25.6,106.2-25.6V0H0v30.3c0,0,72,32.6,158.4,30.5c39.2-0.7,92.8-6.7,134-22.4\n\tc21.2-8.1,52.2-18.2,79.7-24.2C399.3,7.9,411.6,7.5,421.9,6.5z\"\/>\n<\/svg>\t\t<\/div>\n\t\t\t\t\t<div class=\"elementor-container elementor-column-gap-default\">\n\t\t\t\t\t<div class=\"elementor-column elementor-col-100 elementor-top-column elementor-element elementor-element-884e6b2\" data-id=\"884e6b2\" data-element_type=\"column\" data-settings=\"{&quot;hoteller_ext_link_sidemenu&quot;:&quot;false&quot;,&quot;hoteller_ext_link_fullmenu&quot;:&quot;false&quot;,&quot;hoteller_ext_link_closed_fullmenu&quot;:&quot;false&quot;,&quot;hoteller_ext_is_scrollme&quot;:&quot;false&quot;,&quot;hoteller_ext_is_smoove&quot;:&quot;false&quot;,&quot;hoteller_ext_is_parallax_mouse&quot;:&quot;false&quot;,&quot;hoteller_ext_is_infinite&quot;:&quot;false&quot;,&quot;hoteller_ext_is_fadeout_animation&quot;:&quot;false&quot;,&quot;hoteller_ext_mobile_static&quot;:&quot;false&quot;}\">\n\t\t\t<div class=\"elementor-widget-wrap\">\n\t\t\t\t\t\t\t<\/div>\n\t\t<\/div>\n\t\t\t\t\t<\/div>\n\t\t<\/section>\n\t\t\t\t<\/div>\n\t\t","protected":false},"excerpt":{"rendered":"<p>Parque Biol\u00f3gico Serra da Lous\u00e3 Experiencia A 15 minutos por autopista desde el Hotel se encuentra el Parque Biol\u00f3gico Serra da Lous\u00e3, ideal para familias. Con el objetivo de privilegiar y ayudar en la conservaci\u00f3n de las especies que habitan [&hellip;]<\/p>\n","protected":false},"author":1,"featured_media":0,"parent":4351,"menu_order":0,"comment_status":"closed","ping_status":"closed","template":"","meta":{"footnotes":""},"class_list":["post-3071","page","type-page","status-publish","hentry"],"yoast_head":"<!-- This site is optimized with the Yoast SEO plugin v25.6 - https:\/\/yoast.com\/wordpress\/plugins\/seo\/ -->\n<title>Parque Biol\u00f3gico Serra da Lous\u00e3 - Con\u00edmbriga Hotel do Pa\u00e7o<\/title>\n<meta name=\"robots\" content=\"index, follow, max-snippet:-1, max-image-preview:large, max-video-preview:-1\" \/>\n<link rel=\"canonical\" href=\"https:\/\/conimbrigahoteldopaco.pt\/es\/experiencias\/parque-biologico-serra-da-lousa\/\" \/>\n<meta property=\"og:locale\" content=\"es_ES\" \/>\n<meta property=\"og:type\" content=\"article\" \/>\n<meta property=\"og:title\" content=\"Parque Biol\u00f3gico Serra da Lous\u00e3 - Con\u00edmbriga Hotel do Pa\u00e7o\" \/>\n<meta property=\"og:description\" content=\"Parque Biol\u00f3gico Serra da Lous\u00e3 Experiencia A 15 minutos por autopista desde el Hotel se encuentra el Parque Biol\u00f3gico Serra da Lous\u00e3, ideal para familias. Con el objetivo de privilegiar y ayudar en la conservaci\u00f3n de las especies que habitan [&hellip;]\" \/>\n<meta property=\"og:url\" content=\"https:\/\/conimbrigahoteldopaco.pt\/es\/experiencias\/parque-biologico-serra-da-lousa\/\" \/>\n<meta property=\"og:site_name\" content=\"Con\u00edmbriga Hotel do Pa\u00e7o\" \/>\n<meta property=\"og:image\" content=\"https:\/\/conimbrigahoteldopaco.pt\/wp-content\/uploads\/2019\/05\/chp_experiencias_pqbioserralousa_1.jpg\" \/>\n<meta name=\"twitter:card\" content=\"summary_large_image\" \/>\n<meta name=\"twitter:label1\" content=\"Tiempo de lectura\" \/>\n\t<meta name=\"twitter:data1\" content=\"1 minuto\" \/>\n<script type=\"application\/ld+json\" class=\"yoast-schema-graph\">{\"@context\":\"https:\/\/schema.org\",\"@graph\":[{\"@type\":\"WebPage\",\"@id\":\"https:\/\/conimbrigahoteldopaco.pt\/es\/experiencias\/parque-biologico-serra-da-lousa\/\",\"url\":\"https:\/\/conimbrigahoteldopaco.pt\/es\/experiencias\/parque-biologico-serra-da-lousa\/\",\"name\":\"Parque Biol\u00f3gico Serra da Lous\u00e3 - Con\u00edmbriga Hotel do Pa\u00e7o\",\"isPartOf\":{\"@id\":\"https:\/\/conimbrigahoteldopaco.pt\/es\/#website\"},\"primaryImageOfPage\":{\"@id\":\"https:\/\/conimbrigahoteldopaco.pt\/es\/experiencias\/parque-biologico-serra-da-lousa\/#primaryimage\"},\"image\":{\"@id\":\"https:\/\/conimbrigahoteldopaco.pt\/es\/experiencias\/parque-biologico-serra-da-lousa\/#primaryimage\"},\"thumbnailUrl\":\"https:\/\/conimbrigahoteldopaco.pt\/wp-content\/uploads\/2019\/05\/chp_experiencias_pqbioserralousa_1.jpg\",\"datePublished\":\"2019-09-23T10:57:17+00:00\",\"breadcrumb\":{\"@id\":\"https:\/\/conimbrigahoteldopaco.pt\/es\/experiencias\/parque-biologico-serra-da-lousa\/#breadcrumb\"},\"inLanguage\":\"es\",\"potentialAction\":[{\"@type\":\"ReadAction\",\"target\":[\"https:\/\/conimbrigahoteldopaco.pt\/es\/experiencias\/parque-biologico-serra-da-lousa\/\"]}]},{\"@type\":\"ImageObject\",\"inLanguage\":\"es\",\"@id\":\"https:\/\/conimbrigahoteldopaco.pt\/es\/experiencias\/parque-biologico-serra-da-lousa\/#primaryimage\",\"url\":\"https:\/\/conimbrigahoteldopaco.pt\/wp-content\/uploads\/2019\/05\/chp_experiencias_pqbioserralousa_1.jpg\",\"contentUrl\":\"https:\/\/conimbrigahoteldopaco.pt\/wp-content\/uploads\/2019\/05\/chp_experiencias_pqbioserralousa_1.jpg\"},{\"@type\":\"BreadcrumbList\",\"@id\":\"https:\/\/conimbrigahoteldopaco.pt\/es\/experiencias\/parque-biologico-serra-da-lousa\/#breadcrumb\",\"itemListElement\":[{\"@type\":\"ListItem\",\"position\":1,\"name\":\"In\u00edcio\",\"item\":\"https:\/\/conimbrigahoteldopaco.pt\/es\/\"},{\"@type\":\"ListItem\",\"position\":2,\"name\":\"Experi\u00eancias\",\"item\":\"https:\/\/conimbrigahoteldopaco.pt\/es\/experiencias\/\"},{\"@type\":\"ListItem\",\"position\":3,\"name\":\"Parque Biol\u00f3gico Serra da Lous\u00e3\"}]},{\"@type\":\"WebSite\",\"@id\":\"https:\/\/conimbrigahoteldopaco.pt\/es\/#website\",\"url\":\"https:\/\/conimbrigahoteldopaco.pt\/es\/\",\"name\":\"Con\u00edmbriga Hotel do Pa\u00e7o\",\"description\":\"Condeixa-a-Nova\",\"potentialAction\":[{\"@type\":\"SearchAction\",\"target\":{\"@type\":\"EntryPoint\",\"urlTemplate\":\"https:\/\/conimbrigahoteldopaco.pt\/es\/?s={search_term_string}\"},\"query-input\":{\"@type\":\"PropertyValueSpecification\",\"valueRequired\":true,\"valueName\":\"search_term_string\"}}],\"inLanguage\":\"es\"}]}<\/script>\n<!-- \/ Yoast SEO plugin. -->","yoast_head_json":{"title":"Parque Biol\u00f3gico Serra da Lous\u00e3 - Con\u00edmbriga Hotel do Pa\u00e7o","robots":{"index":"index","follow":"follow","max-snippet":"max-snippet:-1","max-image-preview":"max-image-preview:large","max-video-preview":"max-video-preview:-1"},"canonical":"https:\/\/conimbrigahoteldopaco.pt\/es\/experiencias\/parque-biologico-serra-da-lousa\/","og_locale":"es_ES","og_type":"article","og_title":"Parque Biol\u00f3gico Serra da Lous\u00e3 - Con\u00edmbriga Hotel do Pa\u00e7o","og_description":"Parque Biol\u00f3gico Serra da Lous\u00e3 Experiencia A 15 minutos por autopista desde el Hotel se encuentra el Parque Biol\u00f3gico Serra da Lous\u00e3, ideal para familias. Con el objetivo de privilegiar y ayudar en la conservaci\u00f3n de las especies que habitan [&hellip;]","og_url":"https:\/\/conimbrigahoteldopaco.pt\/es\/experiencias\/parque-biologico-serra-da-lousa\/","og_site_name":"Con\u00edmbriga Hotel do Pa\u00e7o","og_image":[{"url":"https:\/\/conimbrigahoteldopaco.pt\/wp-content\/uploads\/2019\/05\/chp_experiencias_pqbioserralousa_1.jpg","type":"","width":"","height":""}],"twitter_card":"summary_large_image","twitter_misc":{"Tiempo de lectura":"1 minuto"},"schema":{"@context":"https:\/\/schema.org","@graph":[{"@type":"WebPage","@id":"https:\/\/conimbrigahoteldopaco.pt\/es\/experiencias\/parque-biologico-serra-da-lousa\/","url":"https:\/\/conimbrigahoteldopaco.pt\/es\/experiencias\/parque-biologico-serra-da-lousa\/","name":"Parque Biol\u00f3gico Serra da Lous\u00e3 - Con\u00edmbriga Hotel do Pa\u00e7o","isPartOf":{"@id":"https:\/\/conimbrigahoteldopaco.pt\/es\/#website"},"primaryImageOfPage":{"@id":"https:\/\/conimbrigahoteldopaco.pt\/es\/experiencias\/parque-biologico-serra-da-lousa\/#primaryimage"},"image":{"@id":"https:\/\/conimbrigahoteldopaco.pt\/es\/experiencias\/parque-biologico-serra-da-lousa\/#primaryimage"},"thumbnailUrl":"https:\/\/conimbrigahoteldopaco.pt\/wp-content\/uploads\/2019\/05\/chp_experiencias_pqbioserralousa_1.jpg","datePublished":"2019-09-23T10:57:17+00:00","breadcrumb":{"@id":"https:\/\/conimbrigahoteldopaco.pt\/es\/experiencias\/parque-biologico-serra-da-lousa\/#breadcrumb"},"inLanguage":"es","potentialAction":[{"@type":"ReadAction","target":["https:\/\/conimbrigahoteldopaco.pt\/es\/experiencias\/parque-biologico-serra-da-lousa\/"]}]},{"@type":"ImageObject","inLanguage":"es","@id":"https:\/\/conimbrigahoteldopaco.pt\/es\/experiencias\/parque-biologico-serra-da-lousa\/#primaryimage","url":"https:\/\/conimbrigahoteldopaco.pt\/wp-content\/uploads\/2019\/05\/chp_experiencias_pqbioserralousa_1.jpg","contentUrl":"https:\/\/conimbrigahoteldopaco.pt\/wp-content\/uploads\/2019\/05\/chp_experiencias_pqbioserralousa_1.jpg"},{"@type":"BreadcrumbList","@id":"https:\/\/conimbrigahoteldopaco.pt\/es\/experiencias\/parque-biologico-serra-da-lousa\/#breadcrumb","itemListElement":[{"@type":"ListItem","position":1,"name":"In\u00edcio","item":"https:\/\/conimbrigahoteldopaco.pt\/es\/"},{"@type":"ListItem","position":2,"name":"Experi\u00eancias","item":"https:\/\/conimbrigahoteldopaco.pt\/es\/experiencias\/"},{"@type":"ListItem","position":3,"name":"Parque Biol\u00f3gico Serra da Lous\u00e3"}]},{"@type":"WebSite","@id":"https:\/\/conimbrigahoteldopaco.pt\/es\/#website","url":"https:\/\/conimbrigahoteldopaco.pt\/es\/","name":"Con\u00edmbriga Hotel do Pa\u00e7o","description":"Condeixa-a-Nova","potentialAction":[{"@type":"SearchAction","target":{"@type":"EntryPoint","urlTemplate":"https:\/\/conimbrigahoteldopaco.pt\/es\/?s={search_term_string}"},"query-input":{"@type":"PropertyValueSpecification","valueRequired":true,"valueName":"search_term_string"}}],"inLanguage":"es"}]}},"_links":{"self":[{"href":"https:\/\/conimbrigahoteldopaco.pt\/es\/wp-json\/wp\/v2\/pages\/3071"}],"collection":[{"href":"https:\/\/conimbrigahoteldopaco.pt\/es\/wp-json\/wp\/v2\/pages"}],"about":[{"href":"https:\/\/conimbrigahoteldopaco.pt\/es\/wp-json\/wp\/v2\/types\/page"}],"author":[{"embeddable":true,"href":"https:\/\/conimbrigahoteldopaco.pt\/es\/wp-json\/wp\/v2\/users\/1"}],"replies":[{"embeddable":true,"href":"https:\/\/conimbrigahoteldopaco.pt\/es\/wp-json\/wp\/v2\/comments?post=3071"}],"version-history":[{"count":1,"href":"https:\/\/conimbrigahoteldopaco.pt\/es\/wp-json\/wp\/v2\/pages\/3071\/revisions"}],"predecessor-version":[{"id":3078,"href":"https:\/\/conimbrigahoteldopaco.pt\/es\/wp-json\/wp\/v2\/pages\/3071\/revisions\/3078"}],"up":[{"embeddable":true,"href":"https:\/\/conimbrigahoteldopaco.pt\/es\/wp-json\/wp\/v2\/pages\/4351"}],"wp:attachment":[{"href":"https:\/\/conimbrigahoteldopaco.pt\/es\/wp-json\/wp\/v2\/media?parent=3071"}],"curies":[{"name":"wp","href":"https:\/\/api.w.org\/{rel}","templated":true}]}}